{"id":1774,"date":"2021-09-10T02:04:40","date_gmt":"2021-09-10T02:04:40","guid":{"rendered":"https:\/\/gaialodge.com\/?page_id=1774"},"modified":"2022-05-18T22:10:33","modified_gmt":"2022-05-18T22:10:33","slug":"somos-gaia-amazon-lodge","status":"publish","type":"page","link":"https:\/\/gaialodge.com\/es\/somos-gaia-amazon-lodge\/","title":{"rendered":"Somos Gaia Amazon Lodge"},"content":{"rendered":"<div class=\"wpb-content-wrapper\"><p>[vc_row full_width=&#8221;stretch_row&#8221; full_height=&#8221;yes&#8221; content_placement=&#8221;middle&#8221; bg_type=&#8221;image&#8221; parallax_style=&#8221;vcpb-default&#8221; bg_image_new=&#8221;id^3279|url^https:\/\/gaialodge.com\/wp-content\/uploads\/2022\/02\/progs.jpg|caption^null|alt^null|title^progs|description^null&#8221; bg_image_repeat=&#8221;no-repeat&#8221; css=&#8221;.vc_custom_1652893655983{margin-top: -90px !important;}&#8221;][vc_column offset=&#8221;vc_hidden-sm vc_hidden-xs&#8221; css=&#8221;.vc_custom_1652909022043{padding-right: 15% !important;padding-left: 15% !important;}&#8221;][vc_column_text css_animation=&#8221;none&#8221;]<\/p>\n<h1 style=\"text-shadow: #000000 2px 2px 4px; text-align: center; font-weight: 500; font-size: 72px;\"><span style=\"color: #ffffff;\">Era 2012 cuando comenzamos nuestros viajes hacia la Selva Amaz\u00f3nica de Ecuador.<\/span><\/h1>\n<p style=\"text-shadow: #000000 2px 2px 4px; text-align: center; font-weight: 500; font-size: 28px; letter-spacing: 5.9378px;\"><span style=\"color: #ffffff; text-transform: uppercase;\">NOSOTROS<\/span><\/p>\n<p>[\/vc_column_text][vc_separator color=&#8221;green&#8221; border_width=&#8221;3&#8243; el_width=&#8221;20&#8243; css_animation=&#8221;none&#8221; css=&#8221;.vc_custom_1652911820118{margin-top: -30px !important;}&#8221;][\/vc_column][vc_column offset=&#8221;vc_hidden-lg vc_hidden-md&#8221;][vc_column_text]<\/p>\n<h1 style=\"text-shadow: #000000 2px 2px 4px; text-align: center; font-weight: 600; font-size: 30px; letter-spacing: 0px; line-height: 31px;\"><span style=\"color: #ffffff;\">Era 2012 cuando comenzamos nuestros viajes hacia la Selva Amaz\u00f3nica de Ecuador.<\/span><\/h1>\n<h2 style=\"text-shadow: #000000 2px 2px 4px; text-align: center; font-weight: 500; font-size: 16px; margin-top: -30px;\"><span style=\"color: #ffffff;\">NOSOTROS<\/span><\/h2>\n<p>[\/vc_column_text][vc_separator color=&#8221;green&#8221; el_width=&#8221;20&#8243; css=&#8221;.vc_custom_1652906198923{margin-top: -50px !important;}&#8221;][\/vc_column][\/vc_row][vc_row full_height=&#8221;yes&#8221; columns_placement=&#8221;top&#8221; equal_height=&#8221;yes&#8221; bg_type=&#8221;bg_color&#8221; bg_override=&#8221;full&#8221; css=&#8221;.vc_custom_1629868144809{margin-top: 0px !important;margin-bottom: 0px !important;padding-top: 0px !important;padding-bottom: 10% !important;}&#8221; bg_color_value=&#8221;#ffffff&#8221;][vc_column width=&#8221;2\/3&#8243; css=&#8221;.vc_custom_1631168508560{margin-right: 25px !important;}&#8221;][vc_column_text]Espec\u00edficamente en el sector de Ahuano en la Provincia de Napo, esta zona no era un lugar com\u00fan para los viajeros, debido a que no exist\u00edan las carreteras que hoy existen, ni la f\u00e1cil conectividad que hoy encontramos, m\u00e1s bien, era una aventura llegar hasta justo donde hoy se encuentra nuestro EcoLodge. Hab\u00eda que pasar horas a pie, sortear tiempo de lluvia y truenos, sumado a eso la enorme vegetaci\u00f3n que cubr\u00eda el camino.<\/p>\n<p>En estos parajes descubrimos un espacio encantador y m\u00e1gico que actualmente es habitado por monos, que podemos ver algunas ma\u00f1anas saltar por los \u00e1rboles que rodean a GAIA, muchos tipos de aves y reptiles en sus m\u00e1s bellas diversidades. Nos encontramos aqu\u00ed con unas vistas inigualables de la selva y del R\u00edo Napo, mayor afluente del gran R\u00edo Amazonas.<\/p>\n<p>Descubrimos que aqu\u00ed nace la vida, un lugar para meditar y conectarnos con lo esencial \u2019La Naturaleza\u2019. Sin dudarlo al ver todo esto, quisimos compartirlo con personas de todo el mundo, un santuario para quienes desean buscar descanso, relajarse, armon\u00eda y aventura en un entorno \u00fanico y natural.<\/p>\n<p>Y nos pusimos a la tarea de dar a conocer en una forma distinta la Selva Amaz\u00f3nica, a su gente y cultura. All\u00ed nace Gaia Eco Lodge, un espacio que con los a\u00f1os se ha venido mimetizado con el propio entorno, un lugar con la m\u00ednima intervenci\u00f3n, dise\u00f1o \u00fanico y acogedor, simple y elegante, en total armon\u00eda con toda la naturaleza que nos rodea.<\/p>\n<p>7 a\u00f1os m\u00e1s tarde, todo ha cambiado, las carreteras, la conectividad y las comunicaciones son m\u00e1s f\u00e1ciles. Esto hoy nos ha permitido recibir cientos de visitantes que buscan un espacio especial en la naturaleza.<\/p>\n<p>Somos un Equipo conformado por j\u00f3venes profesionales en las \u00e1reas de conservaci\u00f3n, ambientalismo,\u00a0 ingenieros,\u00a0 publicistas, expertos en vida silvestre, etc, En nuestro EcoLodge la mayor\u00eda del equipo est\u00e1 conformado por personas Kichwa, todas biling\u00fces, que hablan su idioma materno y espa\u00f1ol.\u00a0 Adem\u00e1s nuestra fuerza motora que nos permite seguir generando lazos importantes, es la de los Voluntarios, que al igual que el equipo en general, trabajan con estrecha colaboraci\u00f3n con la comunidad local de Ahuano.<\/p>\n<p>Sobre todo al igual que t\u00fa, SOMOS amantes de la vida natural, de lo simple y que acumula experiencia cada d\u00eda permiti\u00e9ndonos dar un servicio de calidad en plena selva amaz\u00f3nica.<\/p>\n<p>Queremos que puedas ver con los mismos ojos con los que nosotros vimos por primera vez este lugar, su exuberante naturaleza y biodiversidad, su m\u00edtica y ancestral cultura que nos sigue maravillando y que juntos debemos proteger.[\/vc_column_text][\/vc_column][vc_column width=&#8221;1\/3&#8243;][vc_row_inner equal_height=&#8221;yes&#8221; css=&#8221;.vc_custom_1631168749771{margin-right: 10px !important;margin-left: 10px !important;}&#8221;][vc_column_inner css=&#8221;.vc_custom_1631168786923{background-color: #95bf3d !important;}&#8221;]<div id=\"ultimate-heading-754569e34372f1c91\" class=\"uvc-heading ult-adjust-bottom-margin ultimate-heading-754569e34372f1c91 uvc-1951 \" data-hspacer=\"no_spacer\"  data-halign=\"center\" style=\"text-align:center\"><div class=\"uvc-heading-spacer no_spacer\" style=\"top\"><\/div><div class=\"uvc-main-heading ult-responsive\"  data-ultimate-target='.uvc-heading.ultimate-heading-754569e34372f1c91 h2'  data-responsive-json-new='{\"font-size\":\"desktop:42px;\",\"line-height\":\"desktop:54px;\"}' ><h2 style=\"font-weight:normal;color:#ffffff;\">MISI\u00d3N Y FILOSOF\u00cdA<\/h2><\/div><\/div>[vc_column_text css_animation=&#8221;fadeIn&#8221;]<\/p>\n<p style=\"color: #ffffff;\">La Naturaleza es Sabia y nos ha dotado de ciertos mecanismos, instintos e impulsos destinados a que sobrevivamos y seamos m\u00e1s felices. Al fin y al cabo para nosotros este es el objetivo \u00faltimo de todos los seremos humanos y todo, absolutamente todo lo que llevamos a cabo, tiene como fin conseguir la felicidad.Nature is Wise and has endowed us with certain mechanisms, instincts and impulses destined to survive and be happier. At the end of the day, for us this is the ultimate goal. All we will be, absolutely everything we carry out, aims to achieve happiness.<\/p>\n<p>[\/vc_column_text][vc_empty_space]<div id=\"ultimate-heading-823069e34372f1cb2\" class=\"uvc-heading ult-adjust-bottom-margin ultimate-heading-823069e34372f1cb2 uvc-2315 \" data-hspacer=\"no_spacer\"  data-halign=\"center\" style=\"text-align:center\"><div class=\"uvc-heading-spacer no_spacer\" style=\"top\"><\/div><div class=\"uvc-main-heading ult-responsive\"  data-ultimate-target='.uvc-heading.ultimate-heading-823069e34372f1cb2 h2'  data-responsive-json-new='{\"font-size\":\"desktop:42px;\",\"line-height\":\"desktop:54px;\"}' ><h2 style=\"font-weight:normal;color:#ffffff;\">GENERAMOS IMPACTO<\/h2><\/div><\/div>[vc_column_text css_animation=&#8221;fadeIn&#8221;]<span style=\"color: #ffffff;\">Promovemos experiencias interculturales, unimos continentes<br \/>\n&#8211; Concientizaci\u00f3n ambiental<br \/>\n&#8211; Programas de Espa\u00f1ol en la Selva Amaz\u00f3nica<br \/>\n&#8211; Programa de eco turismo y conservaci\u00f3n<br \/>\n&#8211; El respeto por la cultura y sabidur\u00eda de sus pueblos Ind\u00edgenas<br \/>\n&#8211; Educaci\u00f3n de la cultura local<br \/>\n&#8211; Nuevas energ\u00edas y desarrollo de tecnolog\u00eda<br \/>\n&#8211; El uso sostenible de los recursos naturales de la selva tropical.<\/span><\/p>\n<p><span style=\"color: #ffffff;\">Si buscas un Lugar \u00danico para contemplar la Naturaleza en la Amazonia Ecuatoriana, nosotros con gusto te asesoramos y ayudamos a planear tu pr\u00f3xima aventura, cons\u00faltanos!!! &#8230; y b\u00fascanos en nuestras redes sociales.\u00a0<\/span><\/p>\n<p><span style=\"color: #ffffff;\">Tu viaje comienza aqu\u00ed\u2026 Gaia Amazon EcoLodge &#8211; Nature &amp; Comfort<\/span>[\/vc_column_text][\/vc_column_inner][\/vc_row_inner][\/vc_column][\/vc_row]<\/p>\n<\/div>","protected":false},"excerpt":{"rendered":"<p>[vc_row full_width=&#8221;stretch_row&#8221; full_height=&#8221;yes&#8221; content_placement=&#8221;middle&#8221; bg_type=&#8221;image&#8221; parallax_style=&#8221;vcpb-default&#8221; bg_image_new=&#8221;id^3279|url^https:\/\/gaialodge.com\/wp-content\/uploads\/2022\/02\/progs.jpg|caption^null|alt^null|title^progs|description^null&#8221; bg_image_repeat=&#8221;no-repeat&#8221; css=&#8221;.vc_custom_1652893655983{margin-top: -90px !important;}&#8221;][vc_column offset=&#8221;vc_hidden-sm vc_hidden-xs&#8221; css=&#8221;.vc_custom_1652909022043{padding-right: 15% !important;padding-left: 15% !important;}&#8221;][vc_column_text css_animation=&#8221;none&#8221;] Era 2012 cuando comenzamos nuestros viajes hacia la Selva Amaz\u00f3nica de Ecuador. NOSOTROS [\/vc_column_text][vc_separator color=&#8221;green&#8221; border_width=&#8221;3&#8243; el_width=&#8221;20&#8243; css_animation=&#8221;none&#8221; css=&#8221;.vc_custom_1652911820118{margin-top: -30px !important;}&#8221;][\/vc_column][vc_column offset=&#8221;vc_hidden-lg vc_hidden-md&#8221;][vc_column_text] Era 2012 cuando comenzamos nuestros viajes hacia la Selva Amaz\u00f3nica de Ecuador. NOSOTROS [&hellip;]<\/p>\n","protected":false},"author":2,"featured_media":0,"parent":0,"menu_order":0,"comment_status":"closed","ping_status":"closed","template":"","meta":{"footnotes":""},"_links":{"self":[{"href":"https:\/\/gaialodge.com\/es\/wp-json\/wp\/v2\/pages\/1774"}],"collection":[{"href":"https:\/\/gaialodge.com\/es\/wp-json\/wp\/v2\/pages"}],"about":[{"href":"https:\/\/gaialodge.com\/es\/wp-json\/wp\/v2\/types\/page"}],"author":[{"embeddable":true,"href":"https:\/\/gaialodge.com\/es\/wp-json\/wp\/v2\/users\/2"}],"replies":[{"embeddable":true,"href":"https:\/\/gaialodge.com\/es\/wp-json\/wp\/v2\/comments?post=1774"}],"version-history":[{"count":5,"href":"https:\/\/gaialodge.com\/es\/wp-json\/wp\/v2\/pages\/1774\/revisions"}],"predecessor-version":[{"id":3780,"href":"https:\/\/gaialodge.com\/es\/wp-json\/wp\/v2\/pages\/1774\/revisions\/3780"}],"wp:attachment":[{"href":"https:\/\/gaialodge.com\/es\/wp-json\/wp\/v2\/media?parent=1774"}],"curies":[{"name":"wp","href":"https:\/\/api.w.org\/{rel}","templated":true}]}}