{"id":1777,"date":"2021-09-10T02:42:43","date_gmt":"2021-09-10T02:42:43","guid":{"rendered":"https:\/\/gaialodge.com\/?page_id=1777"},"modified":"2022-07-16T18:44:49","modified_gmt":"2022-07-16T18:44:49","slug":"programas","status":"publish","type":"page","link":"https:\/\/gaialodge.com\/es\/programas\/","title":{"rendered":"Programas"},"content":{"rendered":"<div class=\"wpb-content-wrapper\"><p>[vc_row full_width=&#8221;stretch_row&#8221; full_height=&#8221;yes&#8221; content_placement=&#8221;middle&#8221; bg_type=&#8221;image&#8221; parallax_style=&#8221;vcpb-default&#8221; bg_image_new=&#8221;id^3639|url^https:\/\/gaialodge.com\/wp-content\/uploads\/2022\/05\/Programas.webp|caption^null|alt^null|title^Programas|description^null&#8221; bg_image_repeat=&#8221;no-repeat&#8221; css=&#8221;.vc_custom_1652894029673{margin-top: -90px !important;margin-bottom: 0px !important;}&#8221;][vc_column offset=&#8221;vc_hidden-sm vc_hidden-xs&#8221; css=&#8221;.vc_custom_1652909080924{padding-right: 15% !important;padding-left: 15% !important;}&#8221;][vc_column_text css_animation=&#8221;none&#8221;]<\/p>\n<h1 style=\"text-shadow: #000000 2px 2px 4px; text-align: center; font-weight: 500; font-size: 72px;\"><span style=\"color: #ffffff;\">\u00a1Dise\u00f1ados para ofrecerte experiencias inolvidables de la selva Amaz\u00f3nica!<\/span><\/h1>\n<p style=\"text-shadow: #000000 2px 2px 4px; text-align: center; font-weight: 500; font-size: 28px; letter-spacing: 5.9378px;\"><span style=\"color: #ffffff; text-transform: uppercase;\">PROGRAMAS<\/span><\/p>\n<p>[\/vc_column_text][vc_separator color=&#8221;green&#8221; border_width=&#8221;3&#8243; el_width=&#8221;20&#8243; css_animation=&#8221;none&#8221; css=&#8221;.vc_custom_1652894069267{margin-top: -30px !important;}&#8221;][\/vc_column][vc_column offset=&#8221;vc_hidden-lg vc_hidden-md&#8221;][vc_column_text]<\/p>\n<h1 style=\"text-shadow: #000000 2px 2px 4px; text-align: center; line-height: 31px; font-weight: 500; font-size: 30px;\"><span style=\"color: #ffffff;\">\u00a1Dise\u00f1ados para ofrecerte experiencias inolvidables de la selva Amaz\u00f3nica!<\/span><\/h1>\n<h2 style=\"text-shadow: #000000 2px 2px 4px; text-align: center; font-weight: 500; font-size: 16px; margin-top: -40px;\"><span style=\"color: #ffffff;\">PROGRAMAS<\/span><\/h2>\n<p>[\/vc_column_text][vc_separator color=&#8221;green&#8221; el_width=&#8221;20&#8243; css=&#8221;.vc_custom_1652906385494{margin-top: -50px !important;}&#8221;][\/vc_column][\/vc_row][vc_row full_width=&#8221;stretch_row&#8221; bg_type=&#8221;bg_color&#8221; bg_color_value=&#8221;#ffffff&#8221;][vc_column][vc_row_inner css=&#8221;.vc_custom_1626755362765{margin-bottom: 10px !important;}&#8221;][vc_column_inner width=&#8221;1\/12&#8243;][\/vc_column_inner][vc_column_inner width=&#8221;7\/12&#8243;]<div id=\"ultimate-heading-78969e9dad42e06e\" class=\"uvc-heading ult-adjust-bottom-margin ultimate-heading-78969e9dad42e06e uvc-9068 \" data-hspacer=\"no_spacer\"  data-halign=\"center\" style=\"text-align:center\"><div class=\"uvc-heading-spacer no_spacer\" style=\"top\"><\/div><div class=\"uvc-main-heading ult-responsive\"  data-ultimate-target='.uvc-heading.ultimate-heading-78969e9dad42e06e h2'  data-responsive-json-new='{\"font-size\":\"desktop:42px;\",\"line-height\":\"desktop:42px;\"}' ><h2 style=\"font-family:&#039;Dosis&#039;;font-weight:normal;color:#95bf3d;\">SOLO TU DEFINES CUANTO QUIERES EXPLORAR<\/h2><\/div><\/div>[vc_empty_space height=&#8221;20px&#8221;][vc_column_text el_class=&#8221;textoblanco&#8221;]<\/p>\n<div class=\"ba-grid-column-wrapper span8\" data-span=\"8\">\n<div id=\"item-14982063761\" class=\"ba-grid-column visible animated\">\n<div id=\"item-14982064830\" class=\"ba-item-text ba-item\">\n<div class=\"content-text\">\n<p>Nuestras aventuras van de dos a cinco d\u00edas llenos de aventuras e historias que contar. Todos los programas incluyen alojamiento, alimentaci\u00f3n completa, tours, excursiones y la mejor energ\u00eda de nuestro Staff.<\/p><\/div>\n<\/div>\n<\/div>\n<\/div>\n<p>[\/vc_column_text][\/vc_column_inner][vc_column_inner width=&#8221;3\/12&#8243;][vc_single_image image=&#8221;3871&#8243; img_size=&#8221;full&#8221; alignment=&#8221;center&#8221;][\/vc_column_inner][vc_column_inner width=&#8221;1\/12&#8243;][\/vc_column_inner][\/vc_row_inner][\/vc_column][\/vc_row][vc_row bg_type=&#8221;bg_color&#8221; bg_override=&#8221;full&#8221; css=&#8221;.vc_custom_1628101318617{margin-bottom: 0px !important;padding-top: 2% !important;padding-bottom: 0px !important;}&#8221; bg_color_value=&#8221;#ffffff&#8221;][vc_column width=&#8221;1\/12&#8243;][\/vc_column][vc_column width=&#8221;5\/12&#8243;]<div class=\"evatheme_core-menu-wrap menu_item_id69e9dad42e0ff left rounded type3 with_img   vc_custom_1643346298270\"><div class=\"menu_item\"><div class=\"menu_img_wrap mb25\"><a class=\"\" href=\"https:\/\/gaialodge.com\/es\/programas\/amazonia-express\" title=\"Program 2 days 1 night\"  style=\"color:#95bf3d;\"><img decoding=\"async\" data-src=\"https:\/\/gaialodge.com\/wp-content\/uploads\/2022\/01\/chocolate2-2-600x350.webp\" alt=\"PROGRAMA AMAZONIA EXPRESS\" src=\"data:image\/gif;base64,R0lGODlhAQABAAAAACH5BAEKAAEALAAAAAABAAEAAAICTAEAOw==\" class=\"lazyload\" style=\"--smush-placeholder-width: 600px; --smush-placeholder-aspect-ratio: 600\/350;\" \/><noscript><img decoding=\"async\" src=\"https:\/\/gaialodge.com\/wp-content\/uploads\/2022\/01\/chocolate2-2-600x350.webp\" alt=\"PROGRAMA AMAZONIA EXPRESS\" \/><\/noscript><\/a><\/div><div class=\"menu_item_label\"><span style=\"color:#ffffff;background-color:#95bf3d;margin-bottom:25px;padding-left:14px;padding-right:14px;letter-spacing:1px;\">2 D\u00cdAS &amp; 1 NOCHE<\/span><\/div><h4 class=\"menu_item_title\" style=\"color:#95bf3d;\"><span class=\"menu_item_title_span\" style=\"\"><a class=\"\" href=\"https:\/\/gaialodge.com\/es\/programas\/amazonia-express\" title=\"Program 2 days 1 night\"  style=\"color:#95bf3d;\">PROGRAMA AMAZONIA EXPRESS<\/a><\/span><i class=\"line\" style=\"border-color:#95bf3d;\"><\/i><\/h4><p class=\"menu_item_ingredients\" style=\"color:#333333;\">Tour en canoa por el r\u00edo y observaci\u00f3n de monos, chocolate artesanal, caminata en el bosque primario.<\/p><\/div><\/div>[\/vc_column][vc_column width=&#8221;5\/12&#8243;]<div class=\"evatheme_core-menu-wrap menu_item_id69e9dad42ecf0 left rounded type3 with_img   vc_custom_1643346318671\"><div class=\"menu_item\"><div class=\"menu_img_wrap mb25\"><a class=\"\" href=\"https:\/\/gaialodge.com\/es\/programas\/amazonia-holistic\" title=\"Program 3 days 2 nights\"  style=\"color:#95bf3d;\"><img decoding=\"async\" data-src=\"https:\/\/gaialodge.com\/wp-content\/uploads\/2022\/01\/home-1-600x350.webp\" alt=\"PROGRAMA AMAZONIA HOLISTICO\" src=\"data:image\/gif;base64,R0lGODlhAQABAAAAACH5BAEKAAEALAAAAAABAAEAAAICTAEAOw==\" class=\"lazyload\" style=\"--smush-placeholder-width: 600px; --smush-placeholder-aspect-ratio: 600\/350;\" \/><noscript><img decoding=\"async\" src=\"https:\/\/gaialodge.com\/wp-content\/uploads\/2022\/01\/home-1-600x350.webp\" alt=\"PROGRAMA AMAZONIA HOLISTICO\" \/><\/noscript><\/a><\/div><div class=\"menu_item_label\"><span style=\"color:#ffffff;background-color:#95bf3d;margin-bottom:25px;padding-left:14px;padding-right:14px;letter-spacing:1px;\">3 D\u00cdAS &amp; 2 NOCHES<\/span><\/div><h4 class=\"menu_item_title\" style=\"color:#95bf3d;\"><span class=\"menu_item_title_span\" style=\"\"><a class=\"\" href=\"https:\/\/gaialodge.com\/es\/programas\/amazonia-holistic\" title=\"Program 3 days 2 nights\"  style=\"color:#95bf3d;\">PROGRAMA AMAZONIA HOLISTICO<\/a><\/span><i class=\"line\" style=\"border-color:#95bf3d;\"><\/i><\/h4><p class=\"menu_item_ingredients\" style=\"color:#333333;\">Tour en canoa por el r\u00edo y observaci\u00f3n de monos, chocolate artesanal, caminata en el bosque primario, Isla Anaconda, visita a familia ind\u00edgena, centro de rescate de animales.<\/p><\/div><\/div>[\/vc_column][vc_column width=&#8221;1\/12&#8243;][\/vc_column][\/vc_row][vc_row bg_type=&#8221;bg_color&#8221; bg_override=&#8221;full&#8221; css=&#8221;.vc_custom_1628101336619{margin-bottom: 0px !important;padding-top: 2% !important;padding-bottom: 0px !important;}&#8221; bg_color_value=&#8221;#ffffff&#8221;][vc_column width=&#8221;1\/12&#8243;][\/vc_column][vc_column width=&#8221;5\/12&#8243;]<div class=\"evatheme_core-menu-wrap menu_item_id69e9dad435dc6 left rounded type3 with_img   vc_custom_1643346337633\"><div class=\"menu_item\"><div class=\"menu_img_wrap mb25\"><a class=\"\" href=\"https:\/\/gaialodge.com\/es\/programas\/amazonia-explora\/\" title=\"Program 4 days 3 nights\"  style=\"color:#95bf3d;\"><img decoding=\"async\" data-src=\"https:\/\/gaialodge.com\/wp-content\/uploads\/2022\/01\/cascada1-600x350.webp\" alt=\"PROGRAM AMAZONIA EXPLORA\" src=\"data:image\/gif;base64,R0lGODlhAQABAAAAACH5BAEKAAEALAAAAAABAAEAAAICTAEAOw==\" class=\"lazyload\" style=\"--smush-placeholder-width: 600px; --smush-placeholder-aspect-ratio: 600\/350;\" \/><noscript><img decoding=\"async\" src=\"https:\/\/gaialodge.com\/wp-content\/uploads\/2022\/01\/cascada1-600x350.webp\" alt=\"PROGRAM AMAZONIA EXPLORA\" \/><\/noscript><\/a><\/div><div class=\"menu_item_label\"><span style=\"color:#ffffff;background-color:#95bf3d;margin-bottom:25px;padding-left:14px;padding-right:14px;letter-spacing:1px;\">4 D\u00cdAS &amp; 3 NOCHES<\/span><\/div><h4 class=\"menu_item_title\" style=\"color:#95bf3d;\"><span class=\"menu_item_title_span\" style=\"\"><a class=\"\" href=\"https:\/\/gaialodge.com\/es\/programas\/amazonia-explora\/\" title=\"Program 4 days 3 nights\"  style=\"color:#95bf3d;\">PROGRAM AMAZONIA EXPLORA<\/a><\/span><i class=\"line\" style=\"border-color:#95bf3d;\"><\/i><\/h4><p class=\"menu_item_ingredients\" style=\"color:#333333;\">Tour en canoa por el r\u00edo y observaci\u00f3n de monos, chocolate artesanal, caminata en el bosque primario, Isla Anaconda, visita a familia ind\u00edgena, centro de rescate de animales, granja de mariposas, demostraci\u00f3n de artesan\u00edas en cer\u00e1mica y madera de balsa, caminata nocturna, Cascadas de R\u00edo Blanco.<\/p><\/div><\/div>[\/vc_column][vc_column width=&#8221;5\/12&#8243;]<div class=\"evatheme_core-menu-wrap menu_item_id69e9dad43624b left rounded type3 with_img   vc_custom_1643346377476\"><div class=\"menu_item\"><div class=\"menu_img_wrap mb25\"><a class=\"\" href=\"https:\/\/gaialodge.com\/es\/programas\/amazonia-aventur\/\" title=\"Program 5 days 4 nights\"  style=\"color:#95bf3d;\"><img decoding=\"async\" data-src=\"https:\/\/gaialodge.com\/wp-content\/uploads\/2022\/01\/excursion1-1-600x350.webp\" alt=\"PROGRAM AMAZONIA ADVENTURA\" src=\"data:image\/gif;base64,R0lGODlhAQABAAAAACH5BAEKAAEALAAAAAABAAEAAAICTAEAOw==\" class=\"lazyload\" style=\"--smush-placeholder-width: 600px; --smush-placeholder-aspect-ratio: 600\/350;\" \/><noscript><img decoding=\"async\" src=\"https:\/\/gaialodge.com\/wp-content\/uploads\/2022\/01\/excursion1-1-600x350.webp\" alt=\"PROGRAM AMAZONIA ADVENTURA\" \/><\/noscript><\/a><\/div><div class=\"menu_item_label\"><span style=\"color:#ffffff;background-color:#95bf3d;margin-bottom:25px;padding-left:14px;padding-right:14px;letter-spacing:1px;\">5 D\u00cdAS &amp; 4 NOCHES<\/span><\/div><h4 class=\"menu_item_title\" style=\"color:#95bf3d;\"><span class=\"menu_item_title_span\" style=\"\"><a class=\"\" href=\"https:\/\/gaialodge.com\/es\/programas\/amazonia-aventur\/\" title=\"Program 5 days 4 nights\"  style=\"color:#95bf3d;\">PROGRAM AMAZONIA ADVENTURA<\/a><\/span><i class=\"line\" style=\"border-color:#95bf3d;\"><\/i><\/h4><p class=\"menu_item_ingredients\" style=\"color:#333333;\">Tour en canoa por el r\u00edo y observaci\u00f3n de monos, chocolate artesanal, caminata en el bosque primario, Isla Anaconda, visita a familia ind\u00edgena, centro de rescate de animales, granja de mariposas, demostraci\u00f3n de artesan\u00edas en cer\u00e1mica y madera de balsa, caminata nocturna, Cascadas de R\u00edo Blanco, lavado de oro y pesca artesanal, Isla de los P\u00e1jaros, limpia sham\u00e1nica, caminata en la reserva Selva Viva y\/o tubing.<\/p><\/div><\/div>[\/vc_column][vc_column width=&#8221;1\/12&#8243;][\/vc_column][\/vc_row][vc_row][vc_column][\/vc_column][\/vc_row]<\/p>\n<\/div>","protected":false},"excerpt":{"rendered":"<p>[vc_row full_width=&#8221;stretch_row&#8221; full_height=&#8221;yes&#8221; content_placement=&#8221;middle&#8221; bg_type=&#8221;image&#8221; parallax_style=&#8221;vcpb-default&#8221; bg_image_new=&#8221;id^3639|url^https:\/\/gaialodge.com\/wp-content\/uploads\/2022\/05\/Programas.webp|caption^null|alt^null|title^Programas|description^null&#8221; bg_image_repeat=&#8221;no-repeat&#8221; css=&#8221;.vc_custom_1652894029673{margin-top: -90px !important;margin-bottom: 0px !important;}&#8221;][vc_column offset=&#8221;vc_hidden-sm vc_hidden-xs&#8221; css=&#8221;.vc_custom_1652909080924{padding-right: 15% !important;padding-left: 15% !important;}&#8221;][vc_column_text css_animation=&#8221;none&#8221;] \u00a1Dise\u00f1ados para ofrecerte experiencias inolvidables de la selva Amaz\u00f3nica! PROGRAMAS [\/vc_column_text][vc_separator color=&#8221;green&#8221; border_width=&#8221;3&#8243; el_width=&#8221;20&#8243; css_animation=&#8221;none&#8221; css=&#8221;.vc_custom_1652894069267{margin-top: -30px !important;}&#8221;][\/vc_column][vc_column offset=&#8221;vc_hidden-lg vc_hidden-md&#8221;][vc_column_text] \u00a1Dise\u00f1ados para ofrecerte experiencias inolvidables de la selva Amaz\u00f3nica! PROGRAMAS [\/vc_column_text][vc_separator color=&#8221;green&#8221; el_width=&#8221;20&#8243; css=&#8221;.vc_custom_1652906385494{margin-top: [&hellip;]<\/p>\n","protected":false},"author":2,"featured_media":0,"parent":0,"menu_order":0,"comment_status":"closed","ping_status":"closed","template":"","meta":{"footnotes":""},"_links":{"self":[{"href":"https:\/\/gaialodge.com\/es\/wp-json\/wp\/v2\/pages\/1777"}],"collection":[{"href":"https:\/\/gaialodge.com\/es\/wp-json\/wp\/v2\/pages"}],"about":[{"href":"https:\/\/gaialodge.com\/es\/wp-json\/wp\/v2\/types\/page"}],"author":[{"embeddable":true,"href":"https:\/\/gaialodge.com\/es\/wp-json\/wp\/v2\/users\/2"}],"replies":[{"embeddable":true,"href":"https:\/\/gaialodge.com\/es\/wp-json\/wp\/v2\/comments?post=1777"}],"version-history":[{"count":6,"href":"https:\/\/gaialodge.com\/es\/wp-json\/wp\/v2\/pages\/1777\/revisions"}],"predecessor-version":[{"id":3876,"href":"https:\/\/gaialodge.com\/es\/wp-json\/wp\/v2\/pages\/1777\/revisions\/3876"}],"wp:attachment":[{"href":"https:\/\/gaialodge.com\/es\/wp-json\/wp\/v2\/media?parent=1777"}],"curies":[{"name":"wp","href":"https:\/\/api.w.org\/{rel}","templated":true}]}}