{"id":2057,"date":"2021-09-15T02:53:05","date_gmt":"2021-09-15T02:53:05","guid":{"rendered":"https:\/\/gaialodge.com\/?page_id=2057"},"modified":"2022-05-18T21:51:06","modified_gmt":"2022-05-18T21:51:06","slug":"lodge-en-el-oriente","status":"publish","type":"page","link":"https:\/\/gaialodge.com\/es\/lodge-en-el-oriente\/","title":{"rendered":"Lodge en la Amazon\u00eda"},"content":{"rendered":"<div class=\"wpb-content-wrapper\"><p>[vc_row full_width=&#8221;stretch_row&#8221; full_height=&#8221;yes&#8221; content_placement=&#8221;middle&#8221; bg_type=&#8221;image&#8221; parallax_style=&#8221;vcpb-default&#8221; bg_image_new=&#8221;id^3642|url^https:\/\/gaialodge.com\/wp-content\/uploads\/2022\/05\/slide-4.webp|caption^null|alt^null|title^slide-4|description^null&#8221; bg_image_repeat=&#8221;no-repeat&#8221; css=&#8221;.vc_custom_1652894232673{margin-top: -90px !important;margin-bottom: 0px !important;}&#8221;][vc_column offset=&#8221;vc_hidden-sm vc_hidden-xs&#8221;][vc_column_text css_animation=&#8221;none&#8221;]<\/p>\n<h1 style=\"text-align: center; font-weight: 500; font-size: 72px; text-shadow: #000000 2px 2px 4px;\"><span style=\"color: #ffffff;\">Comfortable, acogedor, familiar<\/span><\/h1>\n<h2 style=\"text-shadow: #000000 2px 2px 4px;text-align: center; letter-spacing: 6px; font-weight: 500; font-size: 30px;\"><span style=\"color: #ffffff;\">LODGE<\/span><\/h2>\n<p>[\/vc_column_text][vc_separator color=&#8221;green&#8221; border_width=&#8221;3&#8243; el_width=&#8221;20&#8243; css_animation=&#8221;none&#8221; css=&#8221;.vc_custom_1652910661620{margin-top: -50px !important;}&#8221;][\/vc_column][vc_column offset=&#8221;vc_hidden-lg vc_hidden-md&#8221;][vc_column_text]<\/p>\n<h1 style=\"text-align: center; line-height: 31px; font-weight: 500; font-size: 34px; text-shadow: #000000 2px 2px 4px;\"><span style=\"color: #ffffff;\">Comfortable, acogedor, familiar<\/span><\/h1>\n<h2 style=\"text-shadow: #000000 2px 2px 4px; text-align: center; font-weight: 500; font-size: 16px; margin-top: -40px;\"><span style=\"color: #ffffff;\">LODGE<\/span><\/h2>\n<p>[\/vc_column_text][vc_separator color=&#8221;green&#8221; el_width=&#8221;20&#8243; css=&#8221;.vc_custom_1652906588972{margin-top: -50px !important;}&#8221;][\/vc_column][\/vc_row][vc_row full_width=&#8221;stretch_row_content&#8221; bg_type=&#8221;image&#8221; parallax_style=&#8221;vcpb-default&#8221; bg_image_new=&#8221;id^1462|url^https:\/\/gaialodge.com\/wp-content\/uploads\/2021\/08\/pattern1.jpg|caption^null|alt^null|title^pattern1|description^null&#8221; bg_image_size=&#8221;initial&#8221; bg_img_attach=&#8221;fixed&#8221;][vc_column][vc_row_inner][vc_column_inner width=&#8221;1\/3&#8243;][\/vc_column_inner][vc_column_inner width=&#8221;2\/5&#8243; css=&#8221;.vc_custom_1630728646658{margin-top: 35px !important;}&#8221;]<div id=\"ultimate-heading-570369f3aa6293a80\" class=\"uvc-heading ult-adjust-bottom-margin ultimate-heading-570369f3aa6293a80 uvc-90 textoblanco\" data-hspacer=\"no_spacer\"  data-halign=\"center\" style=\"text-align:center\"><div class=\"uvc-heading-spacer no_spacer\" style=\"top\"><\/div><div class=\"uvc-main-heading ult-responsive\"  data-ultimate-target='.uvc-heading.ultimate-heading-570369f3aa6293a80 h2'  data-responsive-json-new='{\"font-size\":\"desktop:42px;\",\"line-height\":\"desktop:42px;\"}' ><h2 style=\"font-family:&#039;Dosis&#039;;font-weight:normal;color:#95bf3d;\">EL LODGE<\/h2><\/div><div class=\"uvc-sub-heading ult-responsive\"  data-ultimate-target='.uvc-heading.ultimate-heading-570369f3aa6293a80 .uvc-sub-heading '  data-responsive-json-new='{\"font-size\":\"\",\"line-height\":\"desktop:30px;\"}'  style=\"font-family:&#039;Roboto Condensed&#039;;font-weight:300;\"><\/p>\n<div class=\"page\" title=\"Page 2\">\n<div class=\"section\">\n<div class=\"layoutArea\">\n<div class=\"column\">\n<div class=\"page\" title=\"Page 2\">\n<div class=\"layoutArea\">\n<div class=\"column\">\n<p>Gaia Amazon Eco Lodge es un proyecto Ecol\u00f3gico de arquitectura \u00fanica, una singular combinaci\u00f3n del conocimiento local de construcci\u00f3n, con un toque de confort contempor\u00e1neo.<\/p>\n<p>Sus espacios son aut\u00e9nticos dise\u00f1ado luminoso y aireado, permiti\u00e9ndote sentir una experiencia \u00fanica en el medio del bosque y sus sonidos, a trav\u00e9s del cual, puedes encontrar vistas incre\u00edbles del Rio Napo, observar aves y monos cruzando, jugando y saltando entre los \u00e1rboles y la floresta que nos rodea.<\/p><\/div>\n<\/div>\n<\/div>\n<\/div>\n<\/div>\n<\/div>\n<\/div>\n<p><\/div><\/div>[\/vc_column_inner][vc_column_inner width=&#8221;1\/3&#8243;][\/vc_column_inner][\/vc_row_inner][\/vc_column][\/vc_row][vc_row][vc_column width=&#8221;5\/12&#8243;][vc_row_inner][vc_column_inner]<div id=\"ultimate-heading-85969f3aa6293abe\" class=\"uvc-heading ult-adjust-bottom-margin ultimate-heading-85969f3aa6293abe uvc-2404 \" data-hspacer=\"no_spacer\"  data-halign=\"center\" style=\"text-align:center\"><div class=\"uvc-heading-spacer no_spacer\" style=\"top\"><\/div><div class=\"uvc-main-heading ult-responsive\"  data-ultimate-target='.uvc-heading.ultimate-heading-85969f3aa6293abe h2'  data-responsive-json-new='{\"font-size\":\"desktop:42px;\",\"line-height\":\"desktop:54px;\"}' ><h2 style=\"font-weight:normal;color:#95bf3d;margin-bottom:22px;\">HABITACIONES<\/h2><\/div><\/div>[vc_column_text el_class=&#8221;textoblanco&#8221;]<\/p>\n<div class=\"ba-grid-column-wrapper span8\" data-span=\"8\">\n<div id=\"item-14982063761\" class=\"ba-grid-column visible animated\">\n<div id=\"item-15569223255610\" class=\"ba-item-text ba-item\">\n<div class=\"content-text\">\n<div class=\"page\" title=\"Page 3\">\n<div class=\"layoutArea\">\n<div class=\"column\">\n<div class=\"page\" title=\"Page 2\">\n<div class=\"layoutArea\">\n<div class=\"column\">\n<p>Nuestras habitaciones y caba\u00f1as fueron cuidadosamente dise\u00f1adas para brindar comodidad a nuestros hu\u00e9spedes al tiempo de preservar el medio ambiente. Son luminosas y ventiladas, y est\u00e1n climatizadas de forma natural con techos altos y grandes ventanales.<\/p>\n<p>Cada una de nuestras caba\u00f1as \/ habitaciones tiene una terraza con hamacas. Estas brindan una estancia relajante para disfrutar de la vista del r\u00edo y el bosque durante el d\u00eda, o los cantos nocturnos del Amazonas por la noche.<\/p>\n<p>Los tipos de habitaciones se pueden mezclar y combinar para adaptarse a diferentes tama\u00f1os de grupos.<\/p><\/div>\n<\/div>\n<\/div>\n<\/div>\n<\/div>\n<\/div>\n<\/div>\n<\/div>\n<\/div>\n<\/div>\n<p>[\/vc_column_text]<div class=\" ubtn-ctn-center \"><a class=\"ubtn-link ult-adjust-bottom-margin ubtn-center ubtn-custom \" href=\"https:\/\/gaialodge.com\/es\/habitaciones\/\" ><button type=\"button\" id=\"ubtn-8652\"  class=\"ubtn ult-adjust-bottom-margin ult-responsive ubtn-custom ubtn-fade-bg  none  ubtn-center   tooltip-69f3aa6293aeb\"  data-hover=\"#ffffff\" data-border-color=\"\" data-bg=\"#ffffff\" data-hover-bg=\"#95bf3d\" data-border-hover=\"#95bf3d\" data-shadow-hover=\"\" data-shadow-click=\"none\" data-shadow=\"\" data-shd-shadow=\"\"  data-ultimate-target='#ubtn-8652'  data-responsive-json-new='{\"font-size\":\"\",\"line-height\":\"\"}'  style=\"font-weight:normal;width:90px;min-height:40px;padding:px px;border-radius:3px;border-width:1px;border-color:;border-style:solid;background: #ffffff;color: #000000;\"><span class=\"ubtn-hover\" style=\"background-color:#95bf3d\"><\/span><span class=\"ubtn-data ubtn-text \" >VER<\/span><\/button><\/a><\/div>[\/vc_column_inner][\/vc_row_inner][\/vc_column][vc_column width=&#8221;1\/12&#8243; css=&#8221;.vc_custom_1631164738722{background-color: #ffffff !important;}&#8221;][\/vc_column][vc_column width=&#8221;1\/2&#8243;][vc_gallery type=&#8221;flexslider_slide&#8221; interval=&#8221;0&#8243; images=&#8221;2839,2841,2804,2800,2792,2808&#8243; img_size=&#8221;full&#8221;][\/vc_column][\/vc_row][vc_row bg_type=&#8221;bg_color&#8221; bg_override=&#8221;full&#8221; css=&#8221;.vc_custom_1631338306108{margin-top: 0px !important;margin-bottom: 0px !important;padding-top: 0px !important;}&#8221; bg_color_value=&#8221;#ffffff&#8221;][vc_column width=&#8221;1\/2&#8243; offset=&#8221;vc_hidden-xs&#8221;][vc_gallery type=&#8221;flexslider_slide&#8221; interval=&#8221;0&#8243; images=&#8221;2822,2810,2812,2814,2816,2818,2820&#8243; img_size=&#8221;full&#8221;][\/vc_column][vc_column width=&#8221;1\/12&#8243; css=&#8221;.vc_custom_1631903474687{background-color: #ffffff !important;}&#8221; offset=&#8221;vc_hidden-xs&#8221;][\/vc_column][vc_column width=&#8221;5\/12&#8243; offset=&#8221;vc_hidden-xs&#8221;][vc_row_inner][vc_column_inner]<div id=\"ultimate-heading-283769f3aa6293b49\" class=\"uvc-heading ult-adjust-bottom-margin ultimate-heading-283769f3aa6293b49 uvc-9440 \" data-hspacer=\"no_spacer\"  data-halign=\"center\" style=\"text-align:center\"><div class=\"uvc-heading-spacer no_spacer\" style=\"top\"><\/div><div class=\"uvc-main-heading ult-responsive\"  data-ultimate-target='.uvc-heading.ultimate-heading-283769f3aa6293b49 h2'  data-responsive-json-new='{\"font-size\":\"desktop:42px;\",\"line-height\":\"desktop:42px;\"}' ><h2 style=\"font-family:&#039;Dosis&#039;;font-weight:normal;color:#95bf3d;margin-top:15px;margin-bottom:22px;\">INFRAESTRUCTURA<\/h2><\/div><\/div>[vc_column_text el_class=&#8221;textoblanco&#8221;]<\/p>\n<div class=\"page\" title=\"Page 8\">\n<div class=\"layoutArea\">\n<div class=\"column\">\n<p>El lodge combina aspectos r\u00fasticos y modernos con bajo impacto ambiental, mientras que la simplicidad de los detalles y la creatividad se extienden a lo largo de sus espacios. El complejo est\u00e1 compuesto por una construcci\u00f3n principal donde hay \u00e1reas sociales y cuatro habitaciones, adem\u00e1s hay tres caba\u00f1as con dos habitaciones independientes cada una. La oferta de alojamiento tiene capacidad para unos 20 turistas; incluye ocupaci\u00f3n sencilla, doble, triple hasta cu\u00e1druple. Todos sus espacios son aut\u00e9nticos y te dejan sentirte en medio del bosque a trav\u00e9s del cual puedes encontrar incre\u00edbles vistas del r\u00edo Napo. En las \u00e1reas sociales se encuentran el comedor, salas con \u00e1reas de descanso con hamacas y un bar donde se puede pedir botanas, cocteles, bebidas alcoh\u00f3licas y no alcoh\u00f3licas.<\/p><\/div>\n<\/div>\n<\/div>\n<p>[\/vc_column_text][\/vc_column_inner][\/vc_row_inner][\/vc_column][\/vc_row][vc_row bg_type=&#8221;bg_color&#8221; bg_override=&#8221;full&#8221; css=&#8221;.vc_custom_1631338306108{margin-top: 0px !important;margin-bottom: 0px !important;padding-top: 0px !important;}&#8221; bg_color_value=&#8221;#ffffff&#8221;][vc_column width=&#8221;5\/12&#8243; offset=&#8221;vc_hidden-lg&#8221;][vc_row_inner][vc_column_inner]<div id=\"ultimate-heading-847469f3aa6293b68\" class=\"uvc-heading ult-adjust-bottom-margin ultimate-heading-847469f3aa6293b68 uvc-1901 \" data-hspacer=\"no_spacer\"  data-halign=\"center\" style=\"text-align:center\"><div class=\"uvc-heading-spacer no_spacer\" style=\"top\"><\/div><div class=\"uvc-main-heading ult-responsive\"  data-ultimate-target='.uvc-heading.ultimate-heading-847469f3aa6293b68 h2'  data-responsive-json-new='{\"font-size\":\"desktop:42px;\",\"line-height\":\"desktop:42px;\"}' ><h2 style=\"font-family:&#039;Dosis&#039;;font-weight:normal;color:#95bf3d;margin-top:15px;margin-bottom:22px;\">INFRAESTRUCTURA<\/h2><\/div><\/div>[vc_column_text el_class=&#8221;textoblanco&#8221;]<\/p>\n<div class=\"page\" title=\"Page 8\">\n<div class=\"layoutArea\">\n<div class=\"column\">\n<p>El lodge combina aspectos r\u00fasticos y modernos con bajo impacto ambiental, mientras que la simplicidad de los detalles y la creatividad se extienden a lo largo de sus espacios. El complejo est\u00e1 compuesto por una construcci\u00f3n principal donde hay \u00e1reas sociales y cuatro habitaciones, adem\u00e1s hay tres caba\u00f1as con dos habitaciones independientes cada una. La oferta de alojamiento tiene capacidad para unos 20 turistas; incluye ocupaci\u00f3n sencilla, doble, triple hasta cu\u00e1druple. Todos sus espacios son aut\u00e9nticos y te dejan sentirte en medio del bosque a trav\u00e9s del cual puedes encontrar incre\u00edbles vistas del r\u00edo Napo. En las \u00e1reas sociales se encuentran el comedor, salas con \u00e1reas de descanso con hamacas y un bar donde se puede pedir botanas, cocteles, bebidas alcoh\u00f3licas y no alcoh\u00f3licas.<\/p><\/div>\n<\/div>\n<\/div>\n<p>[\/vc_column_text][\/vc_column_inner][\/vc_row_inner][\/vc_column][vc_column width=&#8221;1\/12&#8243; css=&#8221;.vc_custom_1631903514699{background-color: #ffffff !important;}&#8221; offset=&#8221;vc_hidden-lg&#8221;][\/vc_column][vc_column width=&#8221;1\/2&#8243; offset=&#8221;vc_hidden-lg&#8221;][vc_gallery type=&#8221;flexslider_slide&#8221; interval=&#8221;0&#8243; images=&#8221;1937,1939,2483,1941,1943,1945,1949,2481,2479,1947&#8243; img_size=&#8221;full&#8221;][\/vc_column][\/vc_row][vc_row][vc_column width=&#8221;5\/12&#8243;][vc_row_inner][vc_column_inner]<div id=\"ultimate-heading-506769f3aa6293b82\" class=\"uvc-heading ult-adjust-bottom-margin ultimate-heading-506769f3aa6293b82 uvc-6121 \" data-hspacer=\"no_spacer\"  data-halign=\"center\" style=\"text-align:center\"><div class=\"uvc-heading-spacer no_spacer\" style=\"top\"><\/div><div class=\"uvc-main-heading ult-responsive\"  data-ultimate-target='.uvc-heading.ultimate-heading-506769f3aa6293b82 h2'  data-responsive-json-new='{\"font-size\":\"desktop:42px;\",\"line-height\":\"desktop:54px;\"}' ><h2 style=\"font-weight:normal;color:#95bf3d;margin-bottom:22px;\">UBICACI\u00d3N<\/h2><\/div><\/div>[vc_column_text el_class=&#8221;textoblanco&#8221;]<\/p>\n<div class=\"ba-grid-column-wrapper span8\" data-span=\"8\">\n<div id=\"item-14982063761\" class=\"ba-grid-column visible animated\">\n<div id=\"item-15569223255610\" class=\"ba-item-text ba-item\">\n<div class=\"content-text\">\n<div class=\"page\" title=\"Page 9\">\n<div class=\"layoutArea\">\n<div class=\"column\">\n<p>Gaia Lodge est\u00e1 ubicado en la Amazon\u00eda ecuatoriana (la selva amaz\u00f3nica), una de las zonas ecol\u00f3gicas con mayor biodiversidad del mundo y con una enorme riqueza cultural. La ubicaci\u00f3n de nuestro albergue se eligi\u00f3 cuidadosamente para garantizar que nuestros hu\u00e9spedes se sientan inmersos en el entorno natural de la selva tropical. Nuestras instalaciones, cuidando la integridad del entorno natural, han sido dise\u00f1adas para ofrecer comodidad y un ambiente de relajaci\u00f3n. El albergue tiene vista al majestuoso r\u00edo Napo y est\u00e1 rodeado por un bosque de \u00e1rboles de cacao. El paisaje privilegiado de la selva, el r\u00edo y la monta\u00f1a ofrece a nuestros visitantes una amplia oportunidad para disfrutar de los matices de la selva desde el amanecer hasta el anochecer.<\/p>\n<p>Gaia se ubica a 4 kil\u00f3metros al este de la localidad de Ahuano, entre el r\u00edo Napo y la carretera que va a Campanacocha. Por carretera Ahuano se encuentra a 45 minutos de Tena, capital de la provincia de Napo, ya 4 horas de Quito, la capital de Ecuador &#8211; Sudam\u00e9rica.<\/p><\/div>\n<\/div>\n<\/div>\n<\/div>\n<\/div>\n<\/div>\n<\/div>\n<p>[\/vc_column_text][vc_single_image image=&#8221;867&#8243; img_size=&#8221;full&#8221; onclick=&#8221;link_image&#8221;][\/vc_column_inner][\/vc_row_inner][\/vc_column][vc_column width=&#8221;1\/12&#8243; css=&#8221;.vc_custom_1631164798967{background-color: #ffffff !important;}&#8221;][\/vc_column][vc_column width=&#8221;1\/2&#8243;][vc_gmaps link=&#8221;#E-8_JTNDaWZyYW1lJTIwc3JjJTNEJTIyaHR0cHMlM0ElMkYlMkZ3d3cuZ29vZ2xlLmNvbSUyRm1hcHMlMkZlbWJlZCUzRnBiJTNEJTIxMW0xOCUyMTFtMTIlMjExbTMlMjExZDQ2OTk0LjYyMjg1MTI4MjA0JTIxMmQtNzcuNDkyNjI0ODI2MzU1OSUyMTNkLTEuMDI4Mzc2NjIwODE4ODcwNSUyMTJtMyUyMTFmMCUyMTJmMCUyMTNmMCUyMTNtMiUyMTFpMTAyNCUyMTJpNzY4JTIxNGYxMy4xJTIxM20zJTIxMW0yJTIxMXMweDkxZDZjNzJhN2U5MmYyMDElMjUzQTB4NzgzZTdmNTM3NjlkZTBiNyUyMTJzR0FJQSUyNTIwQW1hem9uJTI1MjBFY29Mb2RnZSUyMTVlMCUyMTNtMiUyMTFzZW4lMjEyc2VjJTIxNHYxNjI2ODE5NjAyNDM2JTIxNW0yJTIxMXNlbiUyMTJzZWMlMjIlMjB3aWR0aCUzRCUyMjYwMCUyMiUyMGhlaWdodCUzRCUyMjQ1MCUyMiUyMHN0eWxlJTNEJTIyYm9yZGVyJTNBMCUzQiUyMiUyMGFsbG93ZnVsbHNjcmVlbiUzRCUyMiUyMiUyMGxvYWRpbmclM0QlMjJsYXp5JTIyJTNFJTNDJTJGaWZyYW1lJTNF&#8221;][vc_gallery interval=&#8221;0&#8243; images=&#8221;2844,2828,2824,2822,2832,2834&#8243; img_size=&#8221;full&#8221;][\/vc_column][\/vc_row]<\/p>\n<\/div>","protected":false},"excerpt":{"rendered":"<p>[vc_row full_width=&#8221;stretch_row&#8221; full_height=&#8221;yes&#8221; content_placement=&#8221;middle&#8221; bg_type=&#8221;image&#8221; parallax_style=&#8221;vcpb-default&#8221; bg_image_new=&#8221;id^3642|url^https:\/\/gaialodge.com\/wp-content\/uploads\/2022\/05\/slide-4.webp|caption^null|alt^null|title^slide-4|description^null&#8221; bg_image_repeat=&#8221;no-repeat&#8221; css=&#8221;.vc_custom_1652894232673{margin-top: -90px !important;margin-bottom: 0px !important;}&#8221;][vc_column offset=&#8221;vc_hidden-sm vc_hidden-xs&#8221;][vc_column_text css_animation=&#8221;none&#8221;] Comfortable, acogedor, familiar LODGE [\/vc_column_text][vc_separator color=&#8221;green&#8221; border_width=&#8221;3&#8243; el_width=&#8221;20&#8243; css_animation=&#8221;none&#8221; css=&#8221;.vc_custom_1652910661620{margin-top: -50px !important;}&#8221;][\/vc_column][vc_column offset=&#8221;vc_hidden-lg vc_hidden-md&#8221;][vc_column_text] Comfortable, acogedor, familiar LODGE [\/vc_column_text][vc_separator color=&#8221;green&#8221; el_width=&#8221;20&#8243; css=&#8221;.vc_custom_1652906588972{margin-top: -50px !important;}&#8221;][\/vc_column][\/vc_row][vc_row full_width=&#8221;stretch_row_content&#8221; bg_type=&#8221;image&#8221; parallax_style=&#8221;vcpb-default&#8221; bg_image_new=&#8221;id^1462|url^https:\/\/gaialodge.com\/wp-content\/uploads\/2021\/08\/pattern1.jpg|caption^null|alt^null|title^pattern1|description^null&#8221; bg_image_size=&#8221;initial&#8221; bg_img_attach=&#8221;fixed&#8221;][vc_column][vc_row_inner][vc_column_inner width=&#8221;1\/3&#8243;][\/vc_column_inner][vc_column_inner width=&#8221;2\/5&#8243; css=&#8221;.vc_custom_1630728646658{margin-top: 35px !important;}&#8221;][\/vc_column_inner][vc_column_inner width=&#8221;1\/3&#8243;][\/vc_column_inner][\/vc_row_inner][\/vc_column][\/vc_row][vc_row][vc_column width=&#8221;5\/12&#8243;][vc_row_inner][vc_column_inner][vc_column_text el_class=&#8221;textoblanco&#8221;] Nuestras [&hellip;]<\/p>\n","protected":false},"author":2,"featured_media":2406,"parent":0,"menu_order":0,"comment_status":"closed","ping_status":"closed","template":"","meta":{"footnotes":""},"_links":{"self":[{"href":"https:\/\/gaialodge.com\/es\/wp-json\/wp\/v2\/pages\/2057"}],"collection":[{"href":"https:\/\/gaialodge.com\/es\/wp-json\/wp\/v2\/pages"}],"about":[{"href":"https:\/\/gaialodge.com\/es\/wp-json\/wp\/v2\/types\/page"}],"author":[{"embeddable":true,"href":"https:\/\/gaialodge.com\/es\/wp-json\/wp\/v2\/users\/2"}],"replies":[{"embeddable":true,"href":"https:\/\/gaialodge.com\/es\/wp-json\/wp\/v2\/comments?post=2057"}],"version-history":[{"count":5,"href":"https:\/\/gaialodge.com\/es\/wp-json\/wp\/v2\/pages\/2057\/revisions"}],"predecessor-version":[{"id":3764,"href":"https:\/\/gaialodge.com\/es\/wp-json\/wp\/v2\/pages\/2057\/revisions\/3764"}],"wp:featuredmedia":[{"embeddable":true,"href":"https:\/\/gaialodge.com\/es\/wp-json\/wp\/v2\/media\/2406"}],"wp:attachment":[{"href":"https:\/\/gaialodge.com\/es\/wp-json\/wp\/v2\/media?parent=2057"}],"curies":[{"name":"wp","href":"https:\/\/api.w.org\/{rel}","templated":true}]}}