{"id":2063,"date":"2021-09-15T03:32:10","date_gmt":"2021-09-15T03:32:10","guid":{"rendered":"https:\/\/gaialodge.com\/?page_id=2063"},"modified":"2022-05-18T21:51:46","modified_gmt":"2022-05-18T21:51:46","slug":"habitaciones","status":"publish","type":"page","link":"https:\/\/gaialodge.com\/es\/habitaciones\/","title":{"rendered":"Habitaciones"},"content":{"rendered":"<div class=\"wpb-content-wrapper\"><p>[vc_row full_width=&#8221;stretch_row&#8221; full_height=&#8221;yes&#8221; content_placement=&#8221;middle&#8221; bg_type=&#8221;image&#8221; parallax_style=&#8221;vcpb-default&#8221; bg_image_new=&#8221;id^3642|url^https:\/\/gaialodge.com\/wp-content\/uploads\/2022\/05\/slide-4.webp|caption^null|alt^null|title^slide-4|description^null&#8221; bg_image_repeat=&#8221;no-repeat&#8221; css=&#8221;.vc_custom_1652894401664{margin-top: -90px !important;}&#8221;][vc_column offset=&#8221;vc_hidden-sm vc_hidden-xs&#8221;][vc_column_text css_animation=&#8221;none&#8221;]<\/p>\n<h1 style=\"text-align: center; font-weight: 500; font-size: 72px; text-shadow: #000000 2px 2px 4px;\"><span style=\"color: #ffffff;\">Comfortable, acogedor, familiar<\/span><\/h1>\n<h2 style=\"text-shadow: #000000 2px 2px 4px;text-align: center; letter-spacing: 6px; font-weight: 500; font-size: 30px;\"><span style=\"color: #ffffff;\">LODGE<\/span><\/h2>\n<p>[\/vc_column_text][vc_separator color=&#8221;green&#8221; border_width=&#8221;3&#8243; el_width=&#8221;20&#8243; css_animation=&#8221;none&#8221; css=&#8221;.vc_custom_1652910699957{margin-top: -50px !important;}&#8221;][\/vc_column][vc_column offset=&#8221;vc_hidden-lg vc_hidden-md&#8221;][vc_column_text]<\/p>\n<h1 style=\"text-align: center; line-height: 31px; font-weight: 500; font-size: 34px; text-shadow: #000000 2px 2px 4px;\"><span style=\"color: #ffffff;\">Comfortable, acogedor, familiar<\/span><\/h1>\n<h2 style=\"text-shadow: #000000 2px 2px 4px; text-align: center; font-weight: 500; font-size: 16px; margin-top: -40px;\"><span style=\"color: #ffffff;\">LODGE<\/span><\/h2>\n<p>[\/vc_column_text][vc_separator color=&#8221;green&#8221; el_width=&#8221;20&#8243; css=&#8221;.vc_custom_1652906719709{margin-top: -50px !important;}&#8221;][\/vc_column][\/vc_row][vc_row full_width=&#8221;stretch_row_content&#8221; bg_type=&#8221;image&#8221; parallax_style=&#8221;vcpb-default&#8221; bg_image_new=&#8221;id^1462|url^https:\/\/gaialodge.com\/wp-content\/uploads\/2021\/08\/pattern1.jpg|caption^null|alt^null|title^pattern1|description^null&#8221; bg_image_size=&#8221;initial&#8221; bg_img_attach=&#8221;fixed&#8221; css=&#8221;.vc_custom_1631169644651{margin-top: -35px !important;}&#8221;][vc_column width=&#8221;1\/3&#8243;][\/vc_column][vc_column width=&#8221;2\/5&#8243; css=&#8221;.vc_custom_1630729986575{margin-top: 25px !important;}&#8221;]<div id=\"ultimate-heading-61969e04a65647cc\" class=\"uvc-heading ult-adjust-bottom-margin ultimate-heading-61969e04a65647cc uvc-9597 \" data-hspacer=\"no_spacer\"  data-halign=\"center\" style=\"text-align:center\"><div class=\"uvc-heading-spacer no_spacer\" style=\"top\"><\/div><div class=\"uvc-main-heading ult-responsive\"  data-ultimate-target='.uvc-heading.ultimate-heading-61969e04a65647cc h2'  data-responsive-json-new='{\"font-size\":\"desktop:42px;\",\"line-height\":\"\"}' ><h2 style=\"font-family:&#039;Dosis&#039;;font-weight:normal;color:#95bf3d;margin-bottom:25px;\">HABITACIONES<\/h2><\/div><\/div>[vc_column_text]<\/p>\n<div class=\"page\" title=\"Page 3\">\n<div class=\"layoutArea\">\n<div class=\"column\">\n<div class=\"page\" title=\"Page 3\">\n<div class=\"layoutArea\">\n<div class=\"column\">\n<p>Nuestras habitaciones y caba\u00f1as fueron cuidadosamente dise\u00f1adas para brindar comodidad a nuestros hu\u00e9spedes al tiempo de preservar el medio ambiente. Son luminosas y ventiladas, y est\u00e1n climatizadas de forma natural con techos altos y grandes ventanales.<\/p>\n<p>Cada una de nuestras caba\u00f1as \/ habitaciones tiene una terraza con hamacas. Estas brindan una estancia relajante para disfrutar de la vista del r\u00edo y el bosque durante el d\u00eda, o los cantos nocturnos del Amazonas por la noche.<\/p>\n<p>Los tipos de habitaciones se pueden mezclar y combinar para adaptarse a diferentes tama\u00f1os de grupos.<\/p><\/div>\n<\/div>\n<\/div>\n<\/div>\n<\/div>\n<\/div>\n<p>[\/vc_column_text][\/vc_column][vc_column width=&#8221;1\/3&#8243;][\/vc_column][\/vc_row][vc_row rtl_reverse=&#8221;yes&#8221; css=&#8221;.vc_custom_1631170593484{margin-top: -35px !important;}&#8221;][vc_column width=&#8221;1\/2&#8243; css=&#8221;.vc_custom_1630729643932{margin-top: 25px !important;}&#8221;]<div id=\"ultimate-heading-782469e04a6564805\" class=\"uvc-heading ult-adjust-bottom-margin ultimate-heading-782469e04a6564805 uvc-4923 \" data-hspacer=\"no_spacer\"  data-halign=\"center\" style=\"text-align:center\"><div class=\"uvc-heading-spacer no_spacer\" style=\"top\"><\/div><div class=\"uvc-main-heading ult-responsive\"  data-ultimate-target='.uvc-heading.ultimate-heading-782469e04a6564805 h2'  data-responsive-json-new='{\"font-size\":\"desktop:42px;\",\"line-height\":\"\"}' ><h2 style=\"font-family:&#039;Dosis&#039;;font-weight:normal;color:#95bf3d;margin-bottom:25px;\">HABITACI\u00d3N MATRIMONIAL<\/h2><\/div><\/div>[vc_column_text]<\/p>\n<div class=\"page\" title=\"Page 3\">\n<div class=\"layoutArea\">\n<div class=\"column\">\n<div class=\"page\" title=\"Page 4\">\n<div class=\"layoutArea\">\n<div class=\"column\">\n<div class=\"page\" title=\"Page 6\">\n<div class=\"layoutArea\">\n<div class=\"column\">\n<p><em><strong>De una a dos personas, ideal para parejas <\/strong><\/em><\/p>\n<ul>\n<li>\u2022 33 metros cuadrados \/ 355 pies cuadrados<\/li>\n<li>\u2022 Una cama Queen (dos plazas y media)<\/li>\n<\/ul>\n<p><strong><span style=\"color: #95bf3d;\">CARACTER\u00cdSTICAS<\/span><\/strong><\/p>\n<ul>\n<li>Ba\u00f1o privado \/ agua caliente<\/li>\n<li>Terraza<\/li>\n<li>Mallas antimosquitos<\/li>\n<li>Iluminaci\u00f3n el\u00e9ctrica y toma corrientes<\/li>\n<li>Escritorio y silla<\/li>\n<li>Mueble de ropa<\/li>\n<li>Ventilador de techo<\/li>\n<li>Mini refrigerador<\/li>\n<li>Art\u00edculos de aseo<\/li>\n<li>Toallas<\/li>\n<\/ul>\n<\/div>\n<\/div>\n<\/div>\n<\/div>\n<\/div>\n<\/div>\n<\/div>\n<\/div>\n<\/div>\n<p>[\/vc_column_text][\/vc_column][vc_column width=&#8221;1\/2&#8243; css=&#8221;.vc_custom_1631503933429{margin-top: 35px !important;}&#8221;][vc_gallery type=&#8221;flexslider_slide&#8221; interval=&#8221;0&#8243; images=&#8221;2806,2804,2792,2808&#8243; img_size=&#8221;full&#8221;][\/vc_column][\/vc_row][vc_row][vc_column width=&#8221;1\/2&#8243; offset=&#8221;vc_hidden-xs&#8221; css=&#8221;.vc_custom_1631503987593{margin-top: 35px !important;}&#8221;][vc_gallery type=&#8221;flexslider_slide&#8221; interval=&#8221;0&#8243; images=&#8221;2804,2794,2808&#8243; img_size=&#8221;full&#8221;][\/vc_column][vc_column width=&#8221;1\/2&#8243; css=&#8221;.vc_custom_1631172793524{margin-top: 25px !important;}&#8221; offset=&#8221;vc_hidden-xs&#8221;]<div id=\"ultimate-heading-835169e04a6564822\" class=\"uvc-heading ult-adjust-bottom-margin ultimate-heading-835169e04a6564822 uvc-9417 \" data-hspacer=\"no_spacer\"  data-halign=\"center\" style=\"text-align:center\"><div class=\"uvc-heading-spacer no_spacer\" style=\"top\"><\/div><div class=\"uvc-main-heading ult-responsive\"  data-ultimate-target='.uvc-heading.ultimate-heading-835169e04a6564822 h2'  data-responsive-json-new='{\"font-size\":\"desktop:42px;\",\"line-height\":\"\"}' ><h2 style=\"font-family:&#039;Dosis&#039;;font-weight:normal;color:#95bf3d;margin-bottom:25px;\">HABITACI\u00d3N FAMILIAR<\/h2><\/div><\/div>[vc_column_text]<\/p>\n<div class=\"page\" title=\"Page 3\">\n<div class=\"layoutArea\">\n<div class=\"column\">\n<div class=\"page\" title=\"Page 4\">\n<div class=\"layoutArea\">\n<div class=\"column\">\n<div class=\"page\" title=\"Page 4\">\n<div class=\"layoutArea\">\n<div class=\"column\">\n<div class=\"page\" title=\"Page 6\">\n<div class=\"layoutArea\">\n<div class=\"column\">\n<p><em><strong>De una a cuatro personas, ideal para familias<\/strong><\/em><\/div>\n<\/div>\n<\/div>\n<ul>\n<li>33 metros cuadrados \/ 355 pies cuadrados<\/li>\n<li>Una cama Queen (dos plazas y media) y una litera de plaza y media con dos camas.<\/li>\n<\/ul>\n<p><strong style=\"color: #95bf3d;\">CARACTER\u00cdSTICAS<\/strong><\/p>\n<div class=\"page\" title=\"Page 6\">\n<div class=\"layoutArea\">\n<div class=\"column\">\n<ul>\n<li>Ba\u00f1o privado \/ agua caliente<\/li>\n<li>Terraza<\/li>\n<li>Mallas antimosquitos<\/li>\n<li>Iluminaci\u00f3n el\u00e9ctrica y toma corrientes<\/li>\n<li>Escritorio y silla<\/li>\n<li>Mueble de ropa<\/li>\n<li>Ventilador de techo<\/li>\n<li>Mini refrigerador<\/li>\n<li>Art\u00edculos de aseo<\/li>\n<li>Toallas<\/li>\n<\/ul>\n<\/div>\n<\/div>\n<\/div>\n<\/div>\n<\/div>\n<\/div>\n<\/div>\n<\/div>\n<\/div>\n<\/div>\n<\/div>\n<\/div>\n<p>[\/vc_column_text][\/vc_column][\/vc_row][vc_row][vc_column width=&#8221;1\/2&#8243; css=&#8221;.vc_custom_1631173308461{margin-top: 25px !important;}&#8221; offset=&#8221;vc_hidden-lg&#8221;]<div id=\"ultimate-heading-279969e04a6564838\" class=\"uvc-heading ult-adjust-bottom-margin ultimate-heading-279969e04a6564838 uvc-1217 \" data-hspacer=\"no_spacer\"  data-halign=\"center\" style=\"text-align:center\"><div class=\"uvc-heading-spacer no_spacer\" style=\"top\"><\/div><div class=\"uvc-main-heading ult-responsive\"  data-ultimate-target='.uvc-heading.ultimate-heading-279969e04a6564838 h2'  data-responsive-json-new='{\"font-size\":\"desktop:42px;\",\"line-height\":\"\"}' ><h2 style=\"font-family:&#039;Dosis&#039;;font-weight:normal;color:#95bf3d;margin-bottom:25px;\">HABITACI\u00d3N FAMILIAR<\/h2><\/div><\/div>[vc_column_text]<\/p>\n<div class=\"page\" title=\"Page 3\">\n<div class=\"layoutArea\">\n<div class=\"column\">\n<div class=\"page\" title=\"Page 4\">\n<div class=\"layoutArea\">\n<div class=\"column\">\n<div class=\"page\" title=\"Page 4\">\n<div class=\"layoutArea\">\n<div class=\"column\">\n<div class=\"page\" title=\"Page 6\">\n<div class=\"layoutArea\">\n<div class=\"column\">\n<p><em><strong>De una a cuatro personas, ideal para familias<\/strong><\/em><\/div>\n<\/div>\n<\/div>\n<ul>\n<li>33 metros cuadrados \/ 355 pies cuadrados<\/li>\n<li>Una cama Queen (dos plazas y media) y una litera de plaza y media con dos camas.<\/li>\n<\/ul>\n<p><strong style=\"color: #95bf3d;\">CARACTER\u00cdSTICAS<\/strong><\/p>\n<div class=\"page\" title=\"Page 6\">\n<div class=\"layoutArea\">\n<div class=\"column\">\n<ul>\n<li>Ba\u00f1o privado \/ agua caliente<\/li>\n<li>Terraza<\/li>\n<li>Mallas antimosquitos<\/li>\n<li>Iluminaci\u00f3n el\u00e9ctrica y toma corrientes<\/li>\n<li>Escritorio y silla<\/li>\n<li>Mueble de ropa<\/li>\n<li>Ventilador de techo<\/li>\n<li>Mini refrigerador<\/li>\n<li>Art\u00edculos de aseo<\/li>\n<li>Toallas<\/li>\n<\/ul>\n<\/div>\n<\/div>\n<\/div>\n<\/div>\n<\/div>\n<\/div>\n<\/div>\n<\/div>\n<\/div>\n<\/div>\n<\/div>\n<\/div>\n<p>[\/vc_column_text][\/vc_column][vc_column width=&#8221;1\/2&#8243; offset=&#8221;vc_hidden-lg&#8221;][vc_gallery type=&#8221;flexslider_slide&#8221; interval=&#8221;5&#8243; images=&#8221;2796,2794,2792&#8243; img_size=&#8221;full&#8221;][\/vc_column][\/vc_row][vc_row][vc_column width=&#8221;1\/2&#8243; css=&#8221;.vc_custom_1631172691387{margin-top: 25px !important;}&#8221;]<div id=\"ultimate-heading-871669e04a656484d\" class=\"uvc-heading ult-adjust-bottom-margin ultimate-heading-871669e04a656484d uvc-6987 \" data-hspacer=\"no_spacer\"  data-halign=\"center\" style=\"text-align:center\"><div class=\"uvc-heading-spacer no_spacer\" style=\"top\"><\/div><div class=\"uvc-main-heading ult-responsive\"  data-ultimate-target='.uvc-heading.ultimate-heading-871669e04a656484d h2'  data-responsive-json-new='{\"font-size\":\"desktop:42px;\",\"line-height\":\"\"}' ><h2 style=\"font-family:&#039;Dosis&#039;;font-weight:normal;color:#95bf3d;margin-bottom:25px;\">HABITACI\u00d3N PARA GRUPOS<\/h2><\/div><\/div>[vc_column_text]<\/p>\n<div class=\"page\" title=\"Page 3\">\n<div class=\"layoutArea\">\n<div class=\"column\">\n<div class=\"page\" title=\"Page 4\">\n<div class=\"layoutArea\">\n<div class=\"column\">\n<div class=\"page\" title=\"Page 4\">\n<div class=\"layoutArea\">\n<div class=\"column\">\n<div class=\"page\" title=\"Page 5\">\n<div class=\"layoutArea\">\n<div class=\"column\">\n<div class=\"page\" title=\"Page 7\">\n<div class=\"layoutArea\">\n<div class=\"column\">\n<p><em><strong>Hasta cuatro personas, ideal para grupos de amigos<\/strong><\/em><\/div>\n<\/div>\n<\/div>\n<div class=\"page\" title=\"Page 7\">\n<div class=\"layoutArea\">\n<div class=\"column\">\n<ul>\n<li>33 metros cuadrados \/ 355 pies cuadrados<\/li>\n<li>Dos literas con camas de plaza y media\u00a0(cuatro camas)<\/li>\n<\/ul>\n<\/div>\n<\/div>\n<\/div>\n<p><strong style=\"color: #95bf3d;\"><br \/>\nCARACTER\u00cdSTICAS<\/strong><\/p>\n<ul>\n<li>Ba\u00f1o privado \/ agua caliente<\/li>\n<li>Terraza<\/li>\n<li>Mallas antimosquitos<\/li>\n<li>Iluminaci\u00f3n el\u00e9ctrica y toma corrientes<\/li>\n<li>Escritorio y silla<\/li>\n<li>Mueble de ropa<\/li>\n<li>Ventilador de techo<\/li>\n<li>Mini refrigerador<\/li>\n<li>Art\u00edculos de aseo<\/li>\n<li>Toallas<\/li>\n<\/ul>\n<\/div>\n<\/div>\n<\/div>\n<\/div>\n<\/div>\n<\/div>\n<\/div>\n<\/div>\n<\/div>\n<\/div>\n<\/div>\n<\/div>\n<p>[\/vc_column_text][\/vc_column][vc_column width=&#8221;1\/2&#8243; css=&#8221;.vc_custom_1631504022839{margin-top: 35px !important;}&#8221;][vc_gallery type=&#8221;flexslider_slide&#8221; interval=&#8221;0&#8243; images=&#8221;2841,2839,2792&#8243; img_size=&#8221;full&#8221;][\/vc_column][\/vc_row]<\/p>\n<\/div>","protected":false},"excerpt":{"rendered":"<p>[vc_row full_width=&#8221;stretch_row&#8221; full_height=&#8221;yes&#8221; content_placement=&#8221;middle&#8221; bg_type=&#8221;image&#8221; parallax_style=&#8221;vcpb-default&#8221; bg_image_new=&#8221;id^3642|url^https:\/\/gaialodge.com\/wp-content\/uploads\/2022\/05\/slide-4.webp|caption^null|alt^null|title^slide-4|description^null&#8221; bg_image_repeat=&#8221;no-repeat&#8221; css=&#8221;.vc_custom_1652894401664{margin-top: -90px !important;}&#8221;][vc_column offset=&#8221;vc_hidden-sm vc_hidden-xs&#8221;][vc_column_text css_animation=&#8221;none&#8221;] Comfortable, acogedor, familiar LODGE [\/vc_column_text][vc_separator color=&#8221;green&#8221; border_width=&#8221;3&#8243; el_width=&#8221;20&#8243; css_animation=&#8221;none&#8221; css=&#8221;.vc_custom_1652910699957{margin-top: -50px !important;}&#8221;][\/vc_column][vc_column offset=&#8221;vc_hidden-lg vc_hidden-md&#8221;][vc_column_text] Comfortable, acogedor, familiar LODGE [\/vc_column_text][vc_separator color=&#8221;green&#8221; el_width=&#8221;20&#8243; css=&#8221;.vc_custom_1652906719709{margin-top: -50px !important;}&#8221;][\/vc_column][\/vc_row][vc_row full_width=&#8221;stretch_row_content&#8221; bg_type=&#8221;image&#8221; parallax_style=&#8221;vcpb-default&#8221; bg_image_new=&#8221;id^1462|url^https:\/\/gaialodge.com\/wp-content\/uploads\/2021\/08\/pattern1.jpg|caption^null|alt^null|title^pattern1|description^null&#8221; bg_image_size=&#8221;initial&#8221; bg_img_attach=&#8221;fixed&#8221; css=&#8221;.vc_custom_1631169644651{margin-top: -35px !important;}&#8221;][vc_column width=&#8221;1\/3&#8243;][\/vc_column][vc_column width=&#8221;2\/5&#8243; css=&#8221;.vc_custom_1630729986575{margin-top: 25px !important;}&#8221;][vc_column_text] Nuestras habitaciones y [&hellip;]<\/p>\n","protected":false},"author":2,"featured_media":2101,"parent":0,"menu_order":0,"comment_status":"closed","ping_status":"closed","template":"","meta":{"footnotes":""},"_links":{"self":[{"href":"https:\/\/gaialodge.com\/es\/wp-json\/wp\/v2\/pages\/2063"}],"collection":[{"href":"https:\/\/gaialodge.com\/es\/wp-json\/wp\/v2\/pages"}],"about":[{"href":"https:\/\/gaialodge.com\/es\/wp-json\/wp\/v2\/types\/page"}],"author":[{"embeddable":true,"href":"https:\/\/gaialodge.com\/es\/wp-json\/wp\/v2\/users\/2"}],"replies":[{"embeddable":true,"href":"https:\/\/gaialodge.com\/es\/wp-json\/wp\/v2\/comments?post=2063"}],"version-history":[{"count":4,"href":"https:\/\/gaialodge.com\/es\/wp-json\/wp\/v2\/pages\/2063\/revisions"}],"predecessor-version":[{"id":3765,"href":"https:\/\/gaialodge.com\/es\/wp-json\/wp\/v2\/pages\/2063\/revisions\/3765"}],"wp:featuredmedia":[{"embeddable":true,"href":"https:\/\/gaialodge.com\/es\/wp-json\/wp\/v2\/media\/2101"}],"wp:attachment":[{"href":"https:\/\/gaialodge.com\/es\/wp-json\/wp\/v2\/media?parent=2063"}],"curies":[{"name":"wp","href":"https:\/\/api.w.org\/{rel}","templated":true}]}}