{"id":2077,"date":"2021-09-15T04:06:02","date_gmt":"2021-09-15T04:06:02","guid":{"rendered":"https:\/\/gaialodge.com\/?page_id=2077"},"modified":"2022-05-18T21:52:54","modified_gmt":"2022-05-18T21:52:54","slug":"ubicacion","status":"publish","type":"page","link":"https:\/\/gaialodge.com\/es\/ubicacion\/","title":{"rendered":"Ubicaci\u00f3n"},"content":{"rendered":"<div class=\"wpb-content-wrapper\"><p>[vc_row full_width=&#8221;stretch_row&#8221; full_height=&#8221;yes&#8221; content_placement=&#8221;middle&#8221; bg_type=&#8221;image&#8221; parallax_style=&#8221;vcpb-default&#8221; bg_image_new=&#8221;id^3642|url^https:\/\/gaialodge.com\/wp-content\/uploads\/2022\/05\/slide-4.webp|caption^null|alt^null|title^slide-4|description^null&#8221; bg_image_repeat=&#8221;no-repeat&#8221; css=&#8221;.vc_custom_1652894593357{margin-top: -90px !important;margin-bottom: 0px !important;}&#8221;][vc_column offset=&#8221;vc_hidden-sm vc_hidden-xs&#8221;][vc_column_text css_animation=&#8221;none&#8221;]<\/p>\n<h1 style=\"text-align: center; font-weight: 500; font-size: 72px; text-shadow: #000000 2px 2px 4px;\"><span style=\"color: #ffffff;\">Comfortable, acogedor, familiar<\/span><\/h1>\n<h2 style=\"text-shadow: #000000 2px 2px 4px;text-align: center; letter-spacing: 6px; font-weight: 500; font-size: 30px;\"><span style=\"color: #ffffff;\">LODGE<\/span><\/h2>\n<p>[\/vc_column_text][vc_separator color=&#8221;green&#8221; border_width=&#8221;3&#8243; el_width=&#8221;20&#8243; css_animation=&#8221;none&#8221; css=&#8221;.vc_custom_1652910768255{margin-top: -50px !important;}&#8221;][\/vc_column][vc_column offset=&#8221;vc_hidden-lg vc_hidden-md&#8221;][vc_column_text]<\/p>\n<h1 style=\"text-align: center; line-height: 31px; font-weight: 500; font-size: 34px; text-shadow: #000000 2px 2px 4px;\"><span style=\"color: #ffffff;\">Comfortable, acogedor, familiar<\/span><\/h1>\n<h2 style=\"text-shadow: #000000 2px 2px 4px; text-align: center; font-weight: 500; font-size: 16px; margin-top: -40px;\"><span style=\"color: #ffffff;\">LODGE<\/span><\/h2>\n<p>[\/vc_column_text][vc_separator color=&#8221;green&#8221; el_width=&#8221;20&#8243; css=&#8221;.vc_custom_1652906886643{margin-top: -50px !important;}&#8221;][\/vc_column][\/vc_row][vc_row full_height=&#8221;yes&#8221; columns_placement=&#8221;top&#8221; equal_height=&#8221;yes&#8221; bg_type=&#8221;bg_color&#8221; bg_override=&#8221;full&#8221; css=&#8221;.vc_custom_1629906934895{margin-top: 0px !important;margin-bottom: 0px !important;padding-top: 0px !important;padding-bottom: 10% !important;}&#8221; bg_color_value=&#8221;#ffffff&#8221;][vc_column width=&#8221;1\/2&#8243;]<div id=\"ultimate-heading-325969e04b4a37caf\" class=\"uvc-heading ult-adjust-bottom-margin ultimate-heading-325969e04b4a37caf uvc-5928 \" data-hspacer=\"no_spacer\"  data-halign=\"center\" style=\"text-align:center\"><div class=\"uvc-heading-spacer no_spacer\" style=\"top\"><\/div><div class=\"uvc-main-heading ult-responsive\"  data-ultimate-target='.uvc-heading.ultimate-heading-325969e04b4a37caf h2'  data-responsive-json-new='{\"font-size\":\"desktop:42px;\",\"line-height\":\"desktop:42px;\"}' ><h2 style=\"font-family:&#039;Dosis&#039;;font-weight:normal;color:#95bf3d;margin-top:15px;margin-bottom:22px;\">UBICACI\u00d3N<\/h2><\/div><\/div>[vc_column_text el_class=&#8221;textoblanco&#8221;]<\/p>\n<div class=\"page\" title=\"Page 9\">\n<div class=\"layoutArea\">\n<div class=\"column\">\n<p>Gaia Lodge est\u00e1 ubicado en la Amazon\u00eda ecuatoriana (la selva amaz\u00f3nica), una de las zonas ecol\u00f3gicas con mayor biodiversidad del mundo y con una enorme riqueza cultural. La ubicaci\u00f3n de nuestro albergue se eligi\u00f3 cuidadosamente para garantizar que nuestros hu\u00e9spedes se sientan inmersos en el entorno natural de la selva tropical. Nuestras instalaciones, cuidando la integridad del entorno natural, han sido dise\u00f1adas para ofrecer comodidad y un ambiente de relajaci\u00f3n. El albergue tiene vista al majestuoso r\u00edo Napo y est\u00e1 rodeado por un bosque de \u00e1rboles de cacao. El paisaje privilegiado de la selva, el r\u00edo y la monta\u00f1a ofrece a nuestros visitantes una amplia oportunidad para disfrutar de los matices de la selva desde el amanecer hasta el anochecer.<\/p>\n<p>Gaia se ubica a 4 kil\u00f3metros al este de la localidad de Ahuano, entre el r\u00edo Napo y la carretera que va a Campanacocha. Por carretera Ahuano se encuentra a 45 minutos de Tena, capital de la provincia de Napo, a 4 horas de Quito, la capital de Ecuador &#8211; Sudam\u00e9rica.<\/p><\/div>\n<\/div>\n<\/div>\n<p>[\/vc_column_text][vc_single_image image=&#8221;867&#8243; img_size=&#8221;full&#8221; onclick=&#8221;link_image&#8221; css=&#8221;.vc_custom_1631516298678{margin-top: 20px !important;}&#8221;][\/vc_column][vc_column width=&#8221;1\/2&#8243;][vc_gmaps link=&#8221;#E-8_JTNDaWZyYW1lJTIwc3JjJTNEJTIyaHR0cHMlM0ElMkYlMkZ3d3cuZ29vZ2xlLmNvbSUyRm1hcHMlMkZlbWJlZCUzRnBiJTNEJTIxMW0xOCUyMTFtMTIlMjExbTMlMjExZDQ2OTk0LjYyMjg1MTI4MjA0JTIxMmQtNzcuNDkyNjI0ODI2MzU1OSUyMTNkLTEuMDI4Mzc2NjIwODE4ODcwNSUyMTJtMyUyMTFmMCUyMTJmMCUyMTNmMCUyMTNtMiUyMTFpMTAyNCUyMTJpNzY4JTIxNGYxMy4xJTIxM20zJTIxMW0yJTIxMXMweDkxZDZjNzJhN2U5MmYyMDElMjUzQTB4NzgzZTdmNTM3NjlkZTBiNyUyMTJzR0FJQSUyNTIwQW1hem9uJTI1MjBFY29Mb2RnZSUyMTVlMCUyMTNtMiUyMTFzZW4lMjEyc2VjJTIxNHYxNjI2ODE5NjAyNDM2JTIxNW0yJTIxMXNlbiUyMTJzZWMlMjIlMjB3aWR0aCUzRCUyMjYwMCUyMiUyMGhlaWdodCUzRCUyMjQ1MCUyMiUyMHN0eWxlJTNEJTIyYm9yZGVyJTNBMCUzQiUyMiUyMGFsbG93ZnVsbHNjcmVlbiUzRCUyMiUyMiUyMGxvYWRpbmclM0QlMjJsYXp5JTIyJTNFJTNDJTJGaWZyYW1lJTNF&#8221;][vc_gallery interval=&#8221;0&#8243; images=&#8221;2834,2836,2824,2826,2828,2830,2832&#8243; img_size=&#8221;full&#8221;][\/vc_column][\/vc_row]<\/p>\n<\/div>","protected":false},"excerpt":{"rendered":"<p>[vc_row full_width=&#8221;stretch_row&#8221; full_height=&#8221;yes&#8221; content_placement=&#8221;middle&#8221; bg_type=&#8221;image&#8221; parallax_style=&#8221;vcpb-default&#8221; bg_image_new=&#8221;id^3642|url^https:\/\/gaialodge.com\/wp-content\/uploads\/2022\/05\/slide-4.webp|caption^null|alt^null|title^slide-4|description^null&#8221; bg_image_repeat=&#8221;no-repeat&#8221; css=&#8221;.vc_custom_1652894593357{margin-top: -90px !important;margin-bottom: 0px !important;}&#8221;][vc_column offset=&#8221;vc_hidden-sm vc_hidden-xs&#8221;][vc_column_text css_animation=&#8221;none&#8221;] Comfortable, acogedor, familiar LODGE [\/vc_column_text][vc_separator color=&#8221;green&#8221; border_width=&#8221;3&#8243; el_width=&#8221;20&#8243; css_animation=&#8221;none&#8221; css=&#8221;.vc_custom_1652910768255{margin-top: -50px !important;}&#8221;][\/vc_column][vc_column offset=&#8221;vc_hidden-lg vc_hidden-md&#8221;][vc_column_text] Comfortable, acogedor, familiar LODGE [\/vc_column_text][vc_separator color=&#8221;green&#8221; el_width=&#8221;20&#8243; css=&#8221;.vc_custom_1652906886643{margin-top: -50px !important;}&#8221;][\/vc_column][\/vc_row][vc_row full_height=&#8221;yes&#8221; columns_placement=&#8221;top&#8221; equal_height=&#8221;yes&#8221; bg_type=&#8221;bg_color&#8221; bg_override=&#8221;full&#8221; css=&#8221;.vc_custom_1629906934895{margin-top: 0px !important;margin-bottom: 0px !important;padding-top: 0px !important;padding-bottom: 10% !important;}&#8221; bg_color_value=&#8221;#ffffff&#8221;][vc_column [&hellip;]<\/p>\n","protected":false},"author":2,"featured_media":1340,"parent":0,"menu_order":0,"comment_status":"closed","ping_status":"closed","template":"","meta":{"footnotes":""},"_links":{"self":[{"href":"https:\/\/gaialodge.com\/es\/wp-json\/wp\/v2\/pages\/2077"}],"collection":[{"href":"https:\/\/gaialodge.com\/es\/wp-json\/wp\/v2\/pages"}],"about":[{"href":"https:\/\/gaialodge.com\/es\/wp-json\/wp\/v2\/types\/page"}],"author":[{"embeddable":true,"href":"https:\/\/gaialodge.com\/es\/wp-json\/wp\/v2\/users\/2"}],"replies":[{"embeddable":true,"href":"https:\/\/gaialodge.com\/es\/wp-json\/wp\/v2\/comments?post=2077"}],"version-history":[{"count":4,"href":"https:\/\/gaialodge.com\/es\/wp-json\/wp\/v2\/pages\/2077\/revisions"}],"predecessor-version":[{"id":3767,"href":"https:\/\/gaialodge.com\/es\/wp-json\/wp\/v2\/pages\/2077\/revisions\/3767"}],"wp:featuredmedia":[{"embeddable":true,"href":"https:\/\/gaialodge.com\/es\/wp-json\/wp\/v2\/media\/1340"}],"wp:attachment":[{"href":"https:\/\/gaialodge.com\/es\/wp-json\/wp\/v2\/media?parent=2077"}],"curies":[{"name":"wp","href":"https:\/\/api.w.org\/{rel}","templated":true}]}}