{"id":2084,"date":"2021-09-15T04:38:50","date_gmt":"2021-09-15T04:38:50","guid":{"rendered":"https:\/\/gaialodge.com\/?page_id=2084"},"modified":"2022-02-15T15:14:23","modified_gmt":"2022-02-15T15:14:23","slug":"covid-19-actualizaciones","status":"publish","type":"page","link":"https:\/\/gaialodge.com\/es\/covid-19-actualizaciones\/","title":{"rendered":"Covid-19 Actualizaciones"},"content":{"rendered":"<div class=\"wpb-content-wrapper\"><p>[vc_row full_width=&#8221;stretch_row&#8221; bg_type=&#8221;bg_color&#8221; css=&#8221;.vc_custom_1629872515898{margin-top: 0px !important;margin-bottom: 0px !important;border-bottom-width: 0px !important;padding-top: 0px !important;padding-bottom: 0px !important;}&#8221; bg_color_value=&#8221;#ffffff&#8221;][vc_column css=&#8221;.vc_custom_1628184374879{margin-bottom: 0px !important;padding-bottom: 0px !important;}&#8221;][vc_row_inner][vc_column_inner width=&#8221;1\/2&#8243; css=&#8221;.vc_custom_1628183434643{margin-bottom: 0px !important;}&#8221;]<div id=\"ultimate-heading-216869e5a4513fa4c\" class=\"uvc-heading ult-adjust-bottom-margin ultimate-heading-216869e5a4513fa4c uvc-2109 \" data-hspacer=\"no_spacer\"  data-halign=\"center\" style=\"text-align:center\"><div class=\"uvc-heading-spacer no_spacer\" style=\"top\"><\/div><div class=\"uvc-main-heading ult-responsive\"  data-ultimate-target='.uvc-heading.ultimate-heading-216869e5a4513fa4c h1'  data-responsive-json-new='{\"font-size\":\"desktop:42px;\",\"line-height\":\"desktop:54px;\"}' ><h1 style=\"font-weight:normal;color:#95bf3d;\">COVID 19 - \u00faltimas noticias<\/h1><\/div><div class=\"uvc-sub-heading ult-responsive\"  data-ultimate-target='.uvc-heading.ultimate-heading-216869e5a4513fa4c .uvc-sub-heading '  data-responsive-json-new='{\"font-size\":\"\",\"line-height\":\"\"}'  style=\"font-weight:normal;\"><\/p>\n<h5>Ecuador<\/h5>\n<p><\/div><\/div>[vc_separator color=&#8221;mulled_wine&#8221;][vc_column_text el_class=&#8221;textoblanco&#8221; css=&#8221;.vc_custom_1631680716001{margin-bottom: -20px !important;border-bottom-width: -20px !important;padding-bottom: -20px !important;}&#8221;]<\/p>\n<ul>\n<li>Al ingresar a Ecuador, todos los viajeros (excepto la tripulaci\u00f3n de la aerol\u00ednea y los ni\u00f1os de dos [2] a\u00f1os o menos) deben proporcionar:\n<ul>\n<li>Prueba RT-PCR COVID-19 negativa tomada no m\u00e1s de tres (3) d\u00edas antes de ingresar a Ecuador , o;<\/li>\n<li>Presentar una tarjeta de vacunaci\u00f3n COVID-19 que muestre que el viajero recibi\u00f3 una serie completa de la vacuna COVID-19 al menos 14 d\u00edas antes de ingresar a Ecuador .<\/li>\n<li>Se aplican reglas especiales a los viajeros cuyo punto de origen es Brasil o India o que transitan por estos pa\u00edses en ruta a Ecuador: Para obtener m\u00e1s informaci\u00f3n, consulte la resoluci\u00f3n completa del Gobierno de Ecuador: <a href=\"https:\/\/translate.google.com\/website?sl=auto&amp;tl=es&amp;ajax=1&amp;elem=1&amp;se=1&amp;u=https:\/\/www.gestionderiesgos.gob.ec\/resoluciones-coe-nacional-de-09-de-julio-de-2021\/\" target=\"_blank\" rel=\"noopener nofollow\">https:\/\/www.gestionderiesgos.gob.ec\/resoluciones- coe-nacional-de-09-de-julio-de-2021 \/<\/a> .<\/li>\n<\/ul>\n<\/li>\n<li>Como alternativa a los requisitos de ingreso anteriores, los viajeros que ingresen a Ecuador y que hayan sido diagnosticados previamente como COVID-19 positivo pueden presentar un certificado m\u00e9dico de su pa\u00eds de origen que acredite su recuperaci\u00f3n y buena salud actual, siempre y cuando aparezcan los s\u00edntomas del COVID-19 m\u00e1s de 30 d\u00edas antes de la llegada a Ecuador .<\/li>\n<li>El Gobierno de Ecuador proporciona informaci\u00f3n relacionada con el coronavirus en este sitio web: <a href=\"https:\/\/translate.google.com\/website?sl=auto&amp;tl=es&amp;ajax=1&amp;elem=1&amp;se=1&amp;u=https:\/\/www.coronavirusecuador.com\" rel=\"nofollow noopener\" target=\"_blank\">https:\/\/www.coronavirusecuador.com<\/a> . La informaci\u00f3n m\u00e1s actualizada se puede encontrar en la cuenta de Twitter del Ministerio de Salud P\u00fablica: <a href=\"https:\/\/translate.google.com\/website?sl=auto&amp;tl=es&amp;ajax=1&amp;elem=1&amp;se=1&amp;u=https:\/\/twitter.com\/salud_ec\" target=\"_blank\" rel=\"noopener noreferrer nofollow\">https:\/\/twitter.com\/salud_ec<\/a> .<\/li>\n<li>Para recibir actualizaciones importantes, los ciudadanos estadounidenses deben asegurarse de haber registrado su viaje en Ecuador en el <a href=\"https:\/\/translate.google.com\/website?sl=auto&amp;tl=es&amp;ajax=1&amp;elem=1&amp;se=1&amp;u=https:\/\/step.state.gov\/\" target=\"_blank\" rel=\"noopener noreferrer nofollow\">Programa de Inscripci\u00f3n de Viajero Inteligente<\/a> . Nuestras alertas y mensajes tambi\u00e9n se publican en nuestro <a href=\"https:\/\/ec-usembassy-gov.translate.goog\/u-s-citizen-services\/security-and-travel-information\/?_x_tr_sl=auto&amp;_x_tr_tl=es&amp;_x_tr_hl=es-419&amp;_x_tr_pto=ajax,elem\" rel=\"nofollow noopener\" target=\"_blank\">sitio web<\/a> .<\/li>\n<\/ul>\n<p>[\/vc_column_text][\/vc_column_inner][vc_column_inner width=&#8221;1\/2&#8243;][vc_single_image image=&#8221;2881&#8243; img_size=&#8221;full&#8221; css_animation=&#8221;fadeIn&#8221; css=&#8221;.vc_custom_1644938117118{margin-bottom: 0px !important;}&#8221;][\/vc_column_inner][\/vc_row_inner][\/vc_column][\/vc_row]<\/p>\n<\/div>","protected":false},"excerpt":{"rendered":"<p>[vc_row full_width=&#8221;stretch_row&#8221; bg_type=&#8221;bg_color&#8221; css=&#8221;.vc_custom_1629872515898{margin-top: 0px !important;margin-bottom: 0px !important;border-bottom-width: 0px !important;padding-top: 0px !important;padding-bottom: 0px !important;}&#8221; bg_color_value=&#8221;#ffffff&#8221;][vc_column css=&#8221;.vc_custom_1628184374879{margin-bottom: 0px !important;padding-bottom: 0px !important;}&#8221;][vc_row_inner][vc_column_inner width=&#8221;1\/2&#8243; css=&#8221;.vc_custom_1628183434643{margin-bottom: 0px !important;}&#8221;][vc_separator color=&#8221;mulled_wine&#8221;][vc_column_text el_class=&#8221;textoblanco&#8221; css=&#8221;.vc_custom_1631680716001{margin-bottom: -20px !important;border-bottom-width: -20px !important;padding-bottom: -20px !important;}&#8221;] Al ingresar a Ecuador, todos los viajeros (excepto la tripulaci\u00f3n de la aerol\u00ednea y los ni\u00f1os de dos [2] a\u00f1os o menos) [&hellip;]<\/p>\n","protected":false},"author":2,"featured_media":0,"parent":0,"menu_order":0,"comment_status":"closed","ping_status":"closed","template":"","meta":{"footnotes":""},"_links":{"self":[{"href":"https:\/\/gaialodge.com\/es\/wp-json\/wp\/v2\/pages\/2084"}],"collection":[{"href":"https:\/\/gaialodge.com\/es\/wp-json\/wp\/v2\/pages"}],"about":[{"href":"https:\/\/gaialodge.com\/es\/wp-json\/wp\/v2\/types\/page"}],"author":[{"embeddable":true,"href":"https:\/\/gaialodge.com\/es\/wp-json\/wp\/v2\/users\/2"}],"replies":[{"embeddable":true,"href":"https:\/\/gaialodge.com\/es\/wp-json\/wp\/v2\/comments?post=2084"}],"version-history":[{"count":0,"href":"https:\/\/gaialodge.com\/es\/wp-json\/wp\/v2\/pages\/2084\/revisions"}],"wp:attachment":[{"href":"https:\/\/gaialodge.com\/es\/wp-json\/wp\/v2\/media?parent=2084"}],"curies":[{"name":"wp","href":"https:\/\/api.w.org\/{rel}","templated":true}]}}